{"id":816004,"date":"2026-02-18T10:19:48","date_gmt":"2026-02-18T10:19:48","guid":{"rendered":"https:\/\/utupluti.com\/?post_type=product&#038;p=816004"},"modified":"2026-03-30T18:39:59","modified_gmt":"2026-03-30T18:39:59","slug":"mata-do-jogi-utupluti-pu-pro-print-chocolate","status":"publish","type":"product","link":"https:\/\/utupluti.com\/pl\/p\/mata-do-jogi-utupluti-pu-pro-print-chocolate\/","title":{"rendered":"Mata do jogi Utupluti PU Pro Print Chocolate"},"content":{"rendered":"<p class=\"p1\"><span class=\"s1\"><strong>UTUPLUTI PU PRO PRINT<\/strong>\u00a0to mata z\u00a0<strong>naturalnego kauczuku<\/strong>\u00a0powleczona na powierzchni warstw\u0105\u00a0<strong>poliuretanu<\/strong>, wykazuj\u0105cego bardzo wysok\u0105 przyczepno\u015b\u0107, kt\u00f3ra aktywuje si\u0119 bardziej wraz ze wzrostem intensywno\u015bci praktyki. Delikatna i mi\u0119kka w dotyku powierzchnia maty umila ka\u017cd\u0105 praktyk\u0119 jogi, a antypo\u015blizgowy materia\u0142 zwi\u0119ksza bezpiecze\u0144stwo i efektywno\u015b\u0107 treningu, zapewniaj\u0105c doskona\u0142\u0105 amortyzacj\u0119 stawom.<\/span><\/p>\n<p class=\"p1\">Mata UTUPLUTI PU COLOR PRINT to energetyczna przestrze\u0144 do praktyki. Delikatny, laserowy nadruk lunuli z motywem S\u0142o\u0144ca motywuje do dzia\u0142ania. Ten warianti dealnie sprawdza si\u0119 przy intensywnych formach jogi jak Ashtanga, Vinyasa, Power Joga czy Bikram.<\/p>\n<p class=\"p1\"><span class=\"s1\">UTUPLUTI PU PRO idealnie sprawdza si\u0119 przy intensywnych formach jogi jak Ashtanga, Vinyasa, Power Joga czy Bikram.<\/span><\/p>\n<p class=\"p1\"><strong><span class=\"s1\">Piel\u0119gnacja<\/span><\/strong><\/p>\n<p class=\"p1\"><span class=\"s1\">Mat\u0119 nale\u017cy czy\u015bci\u0107 wilgotn\u0105 \u015bciereczk\u0105 po ka\u017cdej praktyce. Nie u\u017cywa\u0107 detergent\u00f3w i p\u0142yn\u00f3w na bazie alkoholi, poniewa\u017c chemiczne \u015brodki mog\u0105 wp\u0142yn\u0105\u0107 niekorzystnie na przyczepno\u015b\u0107 poliuretanu. Nie zaleca si\u0119 u\u017cywania krem\u00f3w i balsam\u00f3w do cia\u0142a przed praktyk\u0105, \u017ceby nie zostawia\u0107 t\u0142ustych plam.\u00a0\u00a0<\/span><\/p>\n<p>Poliuretan silnie wch\u0142ania wilgo\u0107, wi\u0119c na powierzchni mog\u0105 z czasem pojawi\u0107 si\u0119\u00a0 przebarwienia. Nie maj\u0105 one jednak \u017cadnego wp\u0142ywu na funkcjonalno\u015b\u0107 maty.<\/p>\n<p class=\"p1\"><span class=\"s1\"><strong>Zwija\u0107 warstw\u0105 delikatn\u0105, czyli poliuretanow\u0105 na zewn\u0105trz<\/strong>. Dzi\u0119ki temu mata nie b\u0119dzie si\u0119 marszczy\u0107.<\/span><\/p>\n<p><strong>Dane techniczne<\/strong><\/p>\n<table class=\"woocommerce-product-attributes shop_attributes\">\n<tbody>\n<tr class=\"woocommerce-product-attributes-item woocommerce-product-attributes-item--weight\">\n<th class=\"woocommerce-product-attributes-item__label\">Waga<\/th>\n<td class=\"woocommerce-product-attributes-item__value\">3 kg<\/td>\n<\/tr>\n<tr class=\"woocommerce-product-attributes-item woocommerce-product-attributes-item--attribute_grubo%c5%9b%c4%87\">\n<th class=\"woocommerce-product-attributes-item__label\">Grubo\u015b\u0107<\/th>\n<td class=\"woocommerce-product-attributes-item__value\">4-4,5mm<\/td>\n<\/tr>\n<tr class=\"woocommerce-product-attributes-item woocommerce-product-attributes-item--attribute_szeroko%c5%9b%c4%87\">\n<th class=\"woocommerce-product-attributes-item__label\">Szeroko\u015b\u0107<\/th>\n<td class=\"woocommerce-product-attributes-item__value\">67\/68cm<\/td>\n<\/tr>\n<tr class=\"woocommerce-product-attributes-item woocommerce-product-attributes-item--attribute_d%c5%82ugo%c5%9b%c4%87\">\n<th class=\"woocommerce-product-attributes-item__label\">D\u0142ugo\u015b\u0107<\/th>\n<td class=\"woocommerce-product-attributes-item__value\">183cm<\/td>\n<\/tr>\n<tr class=\"woocommerce-product-attributes-item woocommerce-product-attributes-item--attribute_materia%c5%82\">\n<th class=\"woocommerce-product-attributes-item__label\">Materia\u0142<\/th>\n<td class=\"woocommerce-product-attributes-item__value\">kauczuk+poliuretan<\/td>\n<\/tr>\n<tr class=\"woocommerce-product-attributes-item woocommerce-product-attributes-item--attribute_pa_kolor\">\n<th class=\"woocommerce-product-attributes-item__label\">Kolor<\/th>\n<td class=\"woocommerce-product-attributes-item__value\">wodny<\/td>\n<\/tr>\n<\/tbody>\n<\/table>\n","protected":false},"excerpt":{"rendered":"<p>UTUPLUTI PU PRO PRINT\u00a0to mata z\u00a0naturalnego kauczuku\u00a0powleczona na powierzchni warstw\u0105\u00a0poliuretanu, wykazuj\u0105cego bardzo wysok\u0105 przyczepno\u015b\u0107, kt\u00f3ra aktywuje si\u0119 bardziej wraz ze wzrostem intensywno\u015bci praktyki. Delikatna i mi\u0119kka w dotyku powierzchnia maty umila ka\u017cd\u0105 praktyk\u0119 jogi, a antypo\u015blizgowy materia\u0142 zwi\u0119ksza bezpiecze\u0144stwo i efektywno\u015b\u0107 treningu, zapewniaj\u0105c doskona\u0142\u0105 amortyzacj\u0119 stawom. Mata UTUPLUTI PU COLOR PRINT to energetyczna przestrze\u0144 do [&hellip;]<\/p>\n","protected":false},"featured_media":815997,"comment_status":"open","ping_status":"closed","template":"","meta":[],"product_cat":[175,177],"product_tag":[],"yoast_head":"<!-- This site is optimized with the Yoast SEO plugin v20.4 - https:\/\/yoast.com\/wordpress\/plugins\/seo\/ -->\n<title>Mata do jogi Utupluti PU Pro Print Chocolate - Sklep internetowy Utupluti<\/title>\n<meta name=\"description\" content=\"Mata do jogi Utupluti PU Pro Print Chocolate - Maty do jogi w konkurencyjnej cenie - wybierz polsk\u0105 mark\u0119 Utupluti\" \/>\n<meta name=\"robots\" content=\"index, follow, max-snippet:-1, max-image-preview:large, max-video-preview:-1\" \/>\n<link rel=\"canonical\" href=\"https:\/\/utupluti.com\/pl\/p\/mata-do-jogi-utupluti-pu-pro-print-chocolate\/\" \/>\n<meta property=\"og:locale\" content=\"pl_PL\" \/>\n<meta property=\"og:type\" content=\"article\" \/>\n<meta property=\"og:title\" content=\"Mata do jogi Utupluti PU Pro Print Chocolate - Sklep internetowy Utupluti\" \/>\n<meta property=\"og:description\" content=\"Mata do jogi Utupluti PU Pro Print Chocolate - Maty do jogi w konkurencyjnej cenie - wybierz polsk\u0105 mark\u0119 Utupluti\" \/>\n<meta property=\"og:url\" content=\"https:\/\/utupluti.com\/pl\/p\/mata-do-jogi-utupluti-pu-pro-print-chocolate\/\" \/>\n<meta property=\"og:site_name\" content=\"Utupluti - Maty do jogi\" \/>\n<meta property=\"article:modified_time\" content=\"2026-03-30T18:39:59+00:00\" \/>\n<meta property=\"og:image\" content=\"https:\/\/utupluti.com\/wp-content\/uploads\/2026\/02\/color-print_brown_lunula_1-576x1024.png\" \/>\n\t<meta property=\"og:image:width\" content=\"576\" \/>\n\t<meta property=\"og:image:height\" content=\"1024\" \/>\n\t<meta property=\"og:image:type\" content=\"image\/png\" \/>\n<meta name=\"twitter:card\" content=\"summary_large_image\" \/>\n<meta name=\"twitter:label1\" content=\"Szacowany czas czytania\" \/>\n\t<meta name=\"twitter:data1\" content=\"2 minuty\" \/>\n<!-- \/ Yoast SEO plugin. -->","yoast_head_json":{"title":"Mata do jogi Utupluti PU Pro Print Chocolate - Sklep internetowy Utupluti","description":"Mata do jogi Utupluti PU Pro Print Chocolate - Maty do jogi w konkurencyjnej cenie - wybierz polsk\u0105 mark\u0119 Utupluti","robots":{"index":"index","follow":"follow","max-snippet":"max-snippet:-1","max-image-preview":"max-image-preview:large","max-video-preview":"max-video-preview:-1"},"canonical":"https:\/\/utupluti.com\/pl\/p\/mata-do-jogi-utupluti-pu-pro-print-chocolate\/","og_locale":"pl_PL","og_type":"article","og_title":"Mata do jogi Utupluti PU Pro Print Chocolate - Sklep internetowy Utupluti","og_description":"Mata do jogi Utupluti PU Pro Print Chocolate - Maty do jogi w konkurencyjnej cenie - wybierz polsk\u0105 mark\u0119 Utupluti","og_url":"https:\/\/utupluti.com\/pl\/p\/mata-do-jogi-utupluti-pu-pro-print-chocolate\/","og_site_name":"Utupluti - Maty do jogi","article_modified_time":"2026-03-30T18:39:59+00:00","og_image":[{"width":576,"height":1024,"url":"https:\/\/utupluti.com\/wp-content\/uploads\/2026\/02\/color-print_brown_lunula_1-576x1024.png","type":"image\/png"}],"twitter_card":"summary_large_image","twitter_misc":{"Szacowany czas czytania":"2 minuty"},"schema":{"@context":"https:\/\/schema.org","@graph":[{"@type":"WebPage","@id":"https:\/\/utupluti.com\/pl\/p\/mata-do-jogi-utupluti-pu-pro-print-chocolate\/","url":"https:\/\/utupluti.com\/pl\/p\/mata-do-jogi-utupluti-pu-pro-print-chocolate\/","name":"Mata do jogi Utupluti PU Pro Print Chocolate - Sklep internetowy Utupluti","isPartOf":{"@id":"https:\/\/utupluti.com\/pl\/#website"},"datePublished":"2026-02-18T10:19:48+00:00","dateModified":"2026-03-30T18:39:59+00:00","description":"Mata do jogi Utupluti PU Pro Print Chocolate - Maty do jogi w konkurencyjnej cenie - wybierz polsk\u0105 mark\u0119 Utupluti","breadcrumb":{"@id":"https:\/\/utupluti.com\/pl\/p\/mata-do-jogi-utupluti-pu-pro-print-chocolate\/#breadcrumb"},"inLanguage":"pl-PL","potentialAction":[{"@type":"ReadAction","target":["https:\/\/utupluti.com\/pl\/p\/mata-do-jogi-utupluti-pu-pro-print-chocolate\/"]}]},{"@type":"BreadcrumbList","@id":"https:\/\/utupluti.com\/pl\/p\/mata-do-jogi-utupluti-pu-pro-print-chocolate\/#breadcrumb","itemListElement":[{"@type":"ListItem","position":1,"name":"Strona g\u0142\u00f3wna","item":"https:\/\/utupluti.com\/pl\/"},{"@type":"ListItem","position":2,"name":"Shop","item":"https:\/\/utupluti.com\/pl\/shop\/"},{"@type":"ListItem","position":3,"name":"Mata do jogi Utupluti PU Pro Print Chocolate"}]},{"@type":"WebSite","@id":"https:\/\/utupluti.com\/pl\/#website","url":"https:\/\/utupluti.com\/pl\/","name":"Utupluti - Maty do jogi","description":"","potentialAction":[{"@type":"SearchAction","target":{"@type":"EntryPoint","urlTemplate":"https:\/\/utupluti.com\/pl\/?s={search_term_string}"},"query-input":"required name=search_term_string"}],"inLanguage":"pl-PL"}]}},"_links":{"self":[{"href":"https:\/\/utupluti.com\/pl\/wp-json\/wp\/v2\/product\/816004"}],"collection":[{"href":"https:\/\/utupluti.com\/pl\/wp-json\/wp\/v2\/product"}],"about":[{"href":"https:\/\/utupluti.com\/pl\/wp-json\/wp\/v2\/types\/product"}],"replies":[{"embeddable":true,"href":"https:\/\/utupluti.com\/pl\/wp-json\/wp\/v2\/comments?post=816004"}],"wp:featuredmedia":[{"embeddable":true,"href":"https:\/\/utupluti.com\/pl\/wp-json\/wp\/v2\/media\/815997"}],"wp:attachment":[{"href":"https:\/\/utupluti.com\/pl\/wp-json\/wp\/v2\/media?parent=816004"}],"wp:term":[{"taxonomy":"product_cat","embeddable":true,"href":"https:\/\/utupluti.com\/pl\/wp-json\/wp\/v2\/product_cat?post=816004"},{"taxonomy":"product_tag","embeddable":true,"href":"https:\/\/utupluti.com\/pl\/wp-json\/wp\/v2\/product_tag?post=816004"}],"curies":[{"name":"wp","href":"https:\/\/api.w.org\/{rel}","templated":true}]}}