{"id":8100,"date":"2020-08-22T04:42:21","date_gmt":"2020-08-22T04:42:21","guid":{"rendered":"https:\/\/utupluti.com\/p\/import-placeholder-for-7768\/"},"modified":"2025-05-06T10:46:59","modified_gmt":"2025-05-06T10:46:59","slug":"voucher-podarunkowy","status":"publish","type":"product","link":"https:\/\/utupluti.com\/pl\/p\/voucher-podarunkowy\/","title":{"rendered":"Voucher podarunkowy"},"content":{"rendered":"<p>Czy kto\u015b z Twoich bliskich praktykuje jog\u0119? Mo\u017ce chcesz podarowa\u0107 znajomemu wyj\u0105tkowy prezent, kt\u00f3ry pomo\u017ce mu czerpa\u0107 jeszcze wi\u0119ksz\u0105 rado\u015b\u0107 z praktyki i sprawi, \u017ce stanie si\u0119 ona bardziej komfortowa i bezpieczna?<\/p>\n<p>Kup nasz <strong>Voucher podarunkowy\u00a0<\/strong>na zakup dowolnej maty w naszym sklepie. Z pewno\u015bci\u0105 ten kto\u015b z u\u015bmiechem Ci podzi\u0119kuje.<\/p>\n","protected":false},"excerpt":{"rendered":"<p>Czy kto\u015b z Twoich bliskich praktykuje jog\u0119? Mo\u017ce chcesz podarowa\u0107 znajomemu wyj\u0105tkowy prezent, kt\u00f3ry pomo\u017ce mu czerpa\u0107 jeszcze wi\u0119ksz\u0105 rado\u015b\u0107 z praktyki i sprawi, \u017ce stanie si\u0119 ona bardziej komfortowa i bezpieczna? Kup nasz Voucher podarunkowy\u00a0na zakup dowolnej maty w naszym sklepie. Z pewno\u015bci\u0105 ten kto\u015b z u\u015bmiechem Ci podzi\u0119kuje.<\/p>\n","protected":false},"featured_media":8201,"comment_status":"open","ping_status":"closed","template":"","meta":[],"product_cat":[163],"product_tag":[],"yoast_head":"<!-- This site is optimized with the Yoast SEO plugin v20.4 - https:\/\/yoast.com\/wordpress\/plugins\/seo\/ -->\n<title>Voucher podarunkowy - Sklep internetowy Utupluti<\/title>\n<meta name=\"description\" content=\"Voucher podarunkowy - Maty do jogi w konkurencyjnej cenie - wybierz polsk\u0105 mark\u0119 Utupluti\" \/>\n<meta name=\"robots\" content=\"index, follow, max-snippet:-1, max-image-preview:large, max-video-preview:-1\" \/>\n<link rel=\"canonical\" href=\"https:\/\/utupluti.com\/pl\/p\/voucher-podarunkowy\/\" \/>\n<meta property=\"og:locale\" content=\"pl_PL\" \/>\n<meta property=\"og:type\" content=\"article\" \/>\n<meta property=\"og:title\" content=\"Voucher podarunkowy - Sklep internetowy Utupluti\" \/>\n<meta property=\"og:description\" content=\"Voucher podarunkowy - Maty do jogi w konkurencyjnej cenie - wybierz polsk\u0105 mark\u0119 Utupluti\" \/>\n<meta property=\"og:url\" content=\"https:\/\/utupluti.com\/pl\/p\/voucher-podarunkowy\/\" \/>\n<meta property=\"og:site_name\" content=\"Utupluti - Maty do jogi\" \/>\n<meta property=\"article:modified_time\" content=\"2025-05-06T10:46:59+00:00\" \/>\n<meta property=\"og:image\" content=\"https:\/\/utupluti.com\/wp-content\/uploads\/2020\/08\/PL3A2308-kopia-1.jpg\" \/>\n\t<meta property=\"og:image:width\" content=\"1920\" \/>\n\t<meta property=\"og:image:height\" content=\"1280\" \/>\n\t<meta property=\"og:image:type\" content=\"image\/jpeg\" \/>\n<meta name=\"twitter:card\" content=\"summary_large_image\" \/>\n<meta name=\"twitter:label1\" content=\"Szacowany czas czytania\" \/>\n\t<meta name=\"twitter:data1\" content=\"1 minuta\" \/>\n<!-- \/ Yoast SEO plugin. -->","yoast_head_json":{"title":"Voucher podarunkowy - Sklep internetowy Utupluti","description":"Voucher podarunkowy - Maty do jogi w konkurencyjnej cenie - wybierz polsk\u0105 mark\u0119 Utupluti","robots":{"index":"index","follow":"follow","max-snippet":"max-snippet:-1","max-image-preview":"max-image-preview:large","max-video-preview":"max-video-preview:-1"},"canonical":"https:\/\/utupluti.com\/pl\/p\/voucher-podarunkowy\/","og_locale":"pl_PL","og_type":"article","og_title":"Voucher podarunkowy - Sklep internetowy Utupluti","og_description":"Voucher podarunkowy - Maty do jogi w konkurencyjnej cenie - wybierz polsk\u0105 mark\u0119 Utupluti","og_url":"https:\/\/utupluti.com\/pl\/p\/voucher-podarunkowy\/","og_site_name":"Utupluti - Maty do jogi","article_modified_time":"2025-05-06T10:46:59+00:00","og_image":[{"width":1920,"height":1280,"url":"https:\/\/utupluti.com\/wp-content\/uploads\/2020\/08\/PL3A2308-kopia-1.jpg","type":"image\/jpeg"}],"twitter_card":"summary_large_image","twitter_misc":{"Szacowany czas czytania":"1 minuta"},"schema":{"@context":"https:\/\/schema.org","@graph":[{"@type":"WebPage","@id":"https:\/\/utupluti.com\/pl\/p\/voucher-podarunkowy\/","url":"https:\/\/utupluti.com\/pl\/p\/voucher-podarunkowy\/","name":"Voucher podarunkowy - Sklep internetowy Utupluti","isPartOf":{"@id":"https:\/\/utupluti.com\/pl\/#website"},"datePublished":"2020-08-22T04:42:21+00:00","dateModified":"2025-05-06T10:46:59+00:00","description":"Voucher podarunkowy - Maty do jogi w konkurencyjnej cenie - wybierz polsk\u0105 mark\u0119 Utupluti","breadcrumb":{"@id":"https:\/\/utupluti.com\/pl\/p\/voucher-podarunkowy\/#breadcrumb"},"inLanguage":"pl-PL","potentialAction":[{"@type":"ReadAction","target":["https:\/\/utupluti.com\/pl\/p\/voucher-podarunkowy\/"]}]},{"@type":"BreadcrumbList","@id":"https:\/\/utupluti.com\/pl\/p\/voucher-podarunkowy\/#breadcrumb","itemListElement":[{"@type":"ListItem","position":1,"name":"Strona g\u0142\u00f3wna","item":"https:\/\/utupluti.com\/pl\/"},{"@type":"ListItem","position":2,"name":"Shop","item":"https:\/\/utupluti.com\/pl\/shop\/"},{"@type":"ListItem","position":3,"name":"Voucher podarunkowy"}]},{"@type":"WebSite","@id":"https:\/\/utupluti.com\/pl\/#website","url":"https:\/\/utupluti.com\/pl\/","name":"Utupluti - Maty do jogi","description":"","potentialAction":[{"@type":"SearchAction","target":{"@type":"EntryPoint","urlTemplate":"https:\/\/utupluti.com\/pl\/?s={search_term_string}"},"query-input":"required name=search_term_string"}],"inLanguage":"pl-PL"}]}},"_links":{"self":[{"href":"https:\/\/utupluti.com\/pl\/wp-json\/wp\/v2\/product\/8100"}],"collection":[{"href":"https:\/\/utupluti.com\/pl\/wp-json\/wp\/v2\/product"}],"about":[{"href":"https:\/\/utupluti.com\/pl\/wp-json\/wp\/v2\/types\/product"}],"replies":[{"embeddable":true,"href":"https:\/\/utupluti.com\/pl\/wp-json\/wp\/v2\/comments?post=8100"}],"wp:featuredmedia":[{"embeddable":true,"href":"https:\/\/utupluti.com\/pl\/wp-json\/wp\/v2\/media\/8201"}],"wp:attachment":[{"href":"https:\/\/utupluti.com\/pl\/wp-json\/wp\/v2\/media?parent=8100"}],"wp:term":[{"taxonomy":"product_cat","embeddable":true,"href":"https:\/\/utupluti.com\/pl\/wp-json\/wp\/v2\/product_cat?post=8100"},{"taxonomy":"product_tag","embeddable":true,"href":"https:\/\/utupluti.com\/pl\/wp-json\/wp\/v2\/product_tag?post=8100"}],"curies":[{"name":"wp","href":"https:\/\/api.w.org\/{rel}","templated":true}]}}