{"id":623935,"date":"2023-07-21T10:32:13","date_gmt":"2023-07-21T10:32:13","guid":{"rendered":"https:\/\/utupluti.com\/?post_type=product&#038;p=623935"},"modified":"2026-01-07T14:56:12","modified_gmt":"2026-01-07T14:56:12","slug":"top-do-jogi-utupluti-beige","status":"publish","type":"product","link":"https:\/\/utupluti.com\/pl\/p\/top-do-jogi-utupluti-beige\/","title":{"rendered":"Top do jogi Utupluti Beige"},"content":{"rendered":"<p class=\"p1\">Top do jogi Utupluti Black to synonim wysokiego komfortu i maksymalnego poczucia lekko\u015bci podczas praktyki. Minimalistyczny, prosty kr\u00f3j gwarantuje swobod\u0119 ruch\u00f3w i zapewnia wsparcie dla biustu. Niezwykle wygodny i elegancki wariant sprawdzi si\u0119 podczas ka\u017cdej aktywno\u015bci.<\/p>\n<p class=\"p1\"><strong>MATERIA\u0141<\/strong><\/p>\n<p class=\"p1\">Certyfikowany materia\u0142 OEKO-TEX Standard 100<br \/>\n80% nylon 20 % spandex<\/p>\n<p class=\"p1\">Mi\u0119kki i dopasowany materia\u0142 doskonale modeluje sylwetk\u0119. Delikatna mi\u0119kko\u015b\u0107<span class=\"Apple-converted-space\">\u00a0 <\/span>sprawi, \u017ce poczujesz si\u0119 w nim jak w drugiej sk\u00f3rze.<\/p>\n<p class=\"p1\">Oddychaj\u0105ce, trwa\u0142e, odprowadzaj\u0105ce wilgo\u0107 i<span class=\"Apple-converted-space\">\u00a0 <\/span>szybkoschn\u0105ce tworzywo zapewnia komfort podczas \u0107wicze\u0144.<\/p>\n<p class=\"p1\"><strong>PIEL\u0118GNACJA<\/strong><\/p>\n<p class=\"p1\">W trosce o zachowanie wysokiej jako\u015bci produktu nale\u017cy pra\u0107 topy r\u0119cznie lub w pralce w temperaturze 30 stopni wywini\u0119te na lewej stronie. Nie suszy\u0107 produktu w suszarkach b\u0119bnowych.<\/p>\n<p><strong>TABELA ROZMIAR\u00d3W<\/strong><\/p>\n<p>Podane parametry dotycz\u0105 wymiaru materia\u0142u.<\/p>\n<table style=\"border: 1px solid black; border-collapse: collapse;\">\n<tbody>\n<tr>\n<th style=\"border: 1px solid black; padding: 10px;\">Rozmiar<\/th>\n<th style=\"border: 1px solid black; padding: 10px;\">Obw\u00f3d biust<\/th>\n<th style=\"border: 1px solid black; padding: 10px;\">Obw\u00f3d d\u00f3\u0142<\/th>\n<th style=\"border: 1px solid black; padding: 10px;\">D\u0142ugo\u015b\u0107<\/th>\n<\/tr>\n<tr>\n<td style=\"border: 1px solid black; padding: 10px;\">S<\/td>\n<td style=\"border: 1px solid black; padding: 10px;\">65cm<\/td>\n<td style=\"border: 1px solid black; padding: 10px;\">56cm<\/td>\n<td style=\"border: 1px solid black; padding: 10px;\">32,5cm<\/td>\n<\/tr>\n<tr>\n<td style=\"border: 1px solid black; padding: 10px;\">M<\/td>\n<td style=\"border: 1px solid black; padding: 10px;\">70cm<\/td>\n<td style=\"border: 1px solid black; padding: 10px;\">61cm<\/td>\n<td style=\"border: 1px solid black; padding: 10px;\">33,5cm<\/td>\n<\/tr>\n<tr>\n<td style=\"border: 1px solid black; padding: 10px;\">L<\/td>\n<td style=\"border: 1px solid black; padding: 10px;\">75cm<\/td>\n<td style=\"border: 1px solid black; padding: 10px;\">66cm<\/td>\n<td style=\"border: 1px solid black; padding: 10px;\">34,5cm<\/td>\n<\/tr>\n<\/tbody>\n<\/table>\n<p>&nbsp;<\/p>\n","protected":false},"excerpt":{"rendered":"<p>Top do jogi Utupluti Black to synonim wysokiego komfortu i maksymalnego poczucia lekko\u015bci podczas praktyki. Minimalistyczny, prosty kr\u00f3j gwarantuje swobod\u0119 ruch\u00f3w i zapewnia wsparcie dla biustu. Niezwykle wygodny i elegancki wariant sprawdzi si\u0119 podczas ka\u017cdej aktywno\u015bci. MATERIA\u0141 Certyfikowany materia\u0142 OEKO-TEX Standard 100 80% nylon 20 % spandex Mi\u0119kki i dopasowany materia\u0142 doskonale modeluje sylwetk\u0119. Delikatna [&hellip;]<\/p>\n","protected":false},"featured_media":625067,"comment_status":"open","ping_status":"closed","template":"","meta":[],"product_cat":[315],"product_tag":[],"yoast_head":"<!-- This site is optimized with the Yoast SEO plugin v20.4 - https:\/\/yoast.com\/wordpress\/plugins\/seo\/ -->\n<title>Be\u017cowy Top do jogi Utupluti Beige - Sklep internetowy Utupluti<\/title>\n<meta name=\"description\" content=\"Top do jogi Utupluti Beige - Maty do jogi w konkurencyjnej cenie - wybierz polsk\u0105 mark\u0119 Utupluti\" \/>\n<meta name=\"robots\" content=\"index, follow, max-snippet:-1, max-image-preview:large, max-video-preview:-1\" \/>\n<link rel=\"canonical\" href=\"https:\/\/utupluti.com\/pl\/p\/top-do-jogi-utupluti-beige\/\" \/>\n<meta property=\"og:locale\" content=\"pl_PL\" \/>\n<meta property=\"og:type\" content=\"article\" \/>\n<meta property=\"og:title\" content=\"Be\u017cowy Top do jogi Utupluti Beige - Sklep internetowy Utupluti\" \/>\n<meta property=\"og:description\" content=\"Top do jogi Utupluti Beige - Maty do jogi w konkurencyjnej cenie - wybierz polsk\u0105 mark\u0119 Utupluti\" \/>\n<meta property=\"og:url\" content=\"https:\/\/utupluti.com\/pl\/p\/top-do-jogi-utupluti-beige\/\" \/>\n<meta property=\"og:site_name\" content=\"Utupluti - Maty do jogi\" \/>\n<meta property=\"article:modified_time\" content=\"2026-01-07T14:56:12+00:00\" \/>\n<meta property=\"og:image\" content=\"https:\/\/utupluti.com\/wp-content\/uploads\/2023\/07\/MAA0326-Edit-scaled.jpg\" \/>\n\t<meta property=\"og:image:width\" content=\"1707\" \/>\n\t<meta property=\"og:image:height\" content=\"2560\" \/>\n\t<meta property=\"og:image:type\" content=\"image\/jpeg\" \/>\n<meta name=\"twitter:card\" content=\"summary_large_image\" \/>\n<meta name=\"twitter:label1\" content=\"Szacowany czas czytania\" \/>\n\t<meta name=\"twitter:data1\" content=\"1 minuta\" \/>\n<!-- \/ Yoast SEO plugin. -->","yoast_head_json":{"title":"Be\u017cowy Top do jogi Utupluti Beige - Sklep internetowy Utupluti","description":"Top do jogi Utupluti Beige - Maty do jogi w konkurencyjnej cenie - wybierz polsk\u0105 mark\u0119 Utupluti","robots":{"index":"index","follow":"follow","max-snippet":"max-snippet:-1","max-image-preview":"max-image-preview:large","max-video-preview":"max-video-preview:-1"},"canonical":"https:\/\/utupluti.com\/pl\/p\/top-do-jogi-utupluti-beige\/","og_locale":"pl_PL","og_type":"article","og_title":"Be\u017cowy Top do jogi Utupluti Beige - Sklep internetowy Utupluti","og_description":"Top do jogi Utupluti Beige - Maty do jogi w konkurencyjnej cenie - wybierz polsk\u0105 mark\u0119 Utupluti","og_url":"https:\/\/utupluti.com\/pl\/p\/top-do-jogi-utupluti-beige\/","og_site_name":"Utupluti - Maty do jogi","article_modified_time":"2026-01-07T14:56:12+00:00","og_image":[{"width":1707,"height":2560,"url":"https:\/\/utupluti.com\/wp-content\/uploads\/2023\/07\/MAA0326-Edit-scaled.jpg","type":"image\/jpeg"}],"twitter_card":"summary_large_image","twitter_misc":{"Szacowany czas czytania":"1 minuta"},"schema":{"@context":"https:\/\/schema.org","@graph":[{"@type":"WebPage","@id":"https:\/\/utupluti.com\/pl\/p\/top-do-jogi-utupluti-beige\/","url":"https:\/\/utupluti.com\/pl\/p\/top-do-jogi-utupluti-beige\/","name":"Be\u017cowy Top do jogi Utupluti Beige - Sklep internetowy Utupluti","isPartOf":{"@id":"https:\/\/utupluti.com\/pl\/#website"},"datePublished":"2023-07-21T10:32:13+00:00","dateModified":"2026-01-07T14:56:12+00:00","description":"Top do jogi Utupluti Beige - Maty do jogi w konkurencyjnej cenie - wybierz polsk\u0105 mark\u0119 Utupluti","breadcrumb":{"@id":"https:\/\/utupluti.com\/pl\/p\/top-do-jogi-utupluti-beige\/#breadcrumb"},"inLanguage":"pl-PL","potentialAction":[{"@type":"ReadAction","target":["https:\/\/utupluti.com\/pl\/p\/top-do-jogi-utupluti-beige\/"]}]},{"@type":"BreadcrumbList","@id":"https:\/\/utupluti.com\/pl\/p\/top-do-jogi-utupluti-beige\/#breadcrumb","itemListElement":[{"@type":"ListItem","position":1,"name":"Strona g\u0142\u00f3wna","item":"https:\/\/utupluti.com\/pl\/"},{"@type":"ListItem","position":2,"name":"Shop","item":"https:\/\/utupluti.com\/pl\/shop\/"},{"@type":"ListItem","position":3,"name":"Top do jogi Utupluti Beige"}]},{"@type":"WebSite","@id":"https:\/\/utupluti.com\/pl\/#website","url":"https:\/\/utupluti.com\/pl\/","name":"Utupluti - Maty do jogi","description":"","potentialAction":[{"@type":"SearchAction","target":{"@type":"EntryPoint","urlTemplate":"https:\/\/utupluti.com\/pl\/?s={search_term_string}"},"query-input":"required name=search_term_string"}],"inLanguage":"pl-PL"}]}},"_links":{"self":[{"href":"https:\/\/utupluti.com\/pl\/wp-json\/wp\/v2\/product\/623935"}],"collection":[{"href":"https:\/\/utupluti.com\/pl\/wp-json\/wp\/v2\/product"}],"about":[{"href":"https:\/\/utupluti.com\/pl\/wp-json\/wp\/v2\/types\/product"}],"replies":[{"embeddable":true,"href":"https:\/\/utupluti.com\/pl\/wp-json\/wp\/v2\/comments?post=623935"}],"wp:featuredmedia":[{"embeddable":true,"href":"https:\/\/utupluti.com\/pl\/wp-json\/wp\/v2\/media\/625067"}],"wp:attachment":[{"href":"https:\/\/utupluti.com\/pl\/wp-json\/wp\/v2\/media?parent=623935"}],"wp:term":[{"taxonomy":"product_cat","embeddable":true,"href":"https:\/\/utupluti.com\/pl\/wp-json\/wp\/v2\/product_cat?post=623935"},{"taxonomy":"product_tag","embeddable":true,"href":"https:\/\/utupluti.com\/pl\/wp-json\/wp\/v2\/product_tag?post=623935"}],"curies":[{"name":"wp","href":"https:\/\/api.w.org\/{rel}","templated":true}]}}