{"id":623915,"date":"2023-07-21T10:15:16","date_gmt":"2023-07-21T10:15:16","guid":{"rendered":"https:\/\/utupluti.com\/?post_type=product&#038;p=623915"},"modified":"2026-04-13T13:46:34","modified_gmt":"2026-04-13T13:46:34","slug":"legginsy-do-jogi-utupluti-beige","status":"publish","type":"product","link":"https:\/\/utupluti.com\/pl\/p\/legginsy-do-jogi-utupluti-beige\/","title":{"rendered":"Legginsy do jogi Utupluti Beige"},"content":{"rendered":"<h3 class=\"p1\"><strong>Legginsy do jogi Utupluti Beige &#8211; kolor be\u017cowy<\/strong><\/h3>\n<p class=\"p1\"><strong>Be\u017cowe legginsy do jogi<\/strong>\u00a0Utupluti to synonim wysokiego komfortu i maksymalnego poczucia lekko\u015bci podczas praktyki. Minimalistyczny kr\u00f3j z <strong>wysokim stanem<\/strong> gwarantuje swobod\u0119 ruch\u00f3w, a stonowana kolorystyka pozwala na pe\u0142ne skupienie na macie i poza ni\u0105.<\/p>\n<ul>\n<li>Idealne <strong>legginsy do praktyki jogi<\/strong> w domu i studiu.<\/li>\n<li>Wysoko\u00a0<strong>rozci\u0105gliwy materia\u0142 najwy\u017cszej jako\u015bci<\/strong> doskonale modeluje sylwetk\u0119.<\/li>\n<li>Mi\u0119kko\u015b\u0107 materia\u0142u sprawia, \u017ce\u00a0<strong>czujesz si\u0119 jak w drugiej sk\u00f3rze.\u00a0<\/strong><\/li>\n<li><strong>Modeluj\u0105cy sylwetk\u0119<\/strong> materia\u0142 certyfikowany wg norm OEKO-TEX Standard 100<\/li>\n<\/ul>\n<p><strong>MATERIA\u0141<\/strong><\/p>\n<p>Certyfikowany materia\u0142 <strong>OEKO-TEX Standard 100<\/strong>, 80% nylon 20 % spandex.<br \/>\nWysoko rozci\u0105gliwy i elastyczny materia\u0142 doskonale modeluje sylwetk\u0119. Delikatna mi\u0119kko\u015b\u0107<span class=\"Apple-converted-space\">\u00a0 <\/span>sprawia, \u017ce czujesz si\u0119 w nim jak w drugiej sk\u00f3rze.<br \/>\nOddychaj\u0105ce, trwa\u0142e, odprowadzaj\u0105ce wilgo\u0107 i<span class=\"Apple-converted-space\">\u00a0 <\/span>szybkoschn\u0105ce tworzywo zapewnia komfort podczas \u0107wicze\u0144.<\/p>\n<p class=\"p1\"><strong>PIEL\u0118GNACJA<\/strong><\/p>\n<p class=\"p1\">W trosce o zachowanie wysokiej jako\u015bci produktu nale\u017cy pra\u0107 legginsy r\u0119cznie lub w pralce w temperaturze 30 stopni wywini\u0119te na lewej stronie. Nie suszy\u0107 produktu w suszarkach b\u0119bnowych.<\/p>\n<p><strong>TABELA ROZMIAR\u00d3W<\/strong><br \/>\nPodane parametry dotycz\u0105 wymiaru materia\u0142u.<\/p>\n<table style=\"border: 1px solid black; border-collapse: collapse;\">\n<tbody>\n<tr>\n<th style=\"border: 1px solid black; padding: 10px;\">Rozmiar<\/th>\n<th style=\"border: 1px solid black; padding: 10px;\">Obw\u00f3d talia<\/th>\n<th style=\"border: 1px solid black; padding: 10px;\">Obw\u00f3d biodra<\/th>\n<th style=\"border: 1px solid black; padding: 10px;\">D\u0142ugo\u015b\u0107<\/th>\n<\/tr>\n<tr>\n<td style=\"border: 1px solid black; padding: 10px;\">S<\/td>\n<td style=\"border: 1px solid black; padding: 10px;\">49cm<\/td>\n<td style=\"border: 1px solid black; padding: 10px;\">64cm<\/td>\n<td style=\"border: 1px solid black; padding: 10px;\">79cm<\/td>\n<\/tr>\n<tr>\n<td style=\"border: 1px solid black; padding: 10px;\">M<\/td>\n<td style=\"border: 1px solid black; padding: 10px;\">54cm<\/td>\n<td style=\"border: 1px solid black; padding: 10px;\">69cm<\/td>\n<td style=\"border: 1px solid black; padding: 10px;\">80cm<\/td>\n<\/tr>\n<tr>\n<td style=\"border: 1px solid black; padding: 10px;\">L<\/td>\n<td style=\"border: 1px solid black; padding: 10px;\">59cm<\/td>\n<td style=\"border: 1px solid black; padding: 10px;\">74cm<\/td>\n<td style=\"border: 1px solid black; padding: 10px;\">81cm<\/td>\n<\/tr>\n<\/tbody>\n<\/table>\n<p>Sprawd\u017a inne <a href=\"https:\/\/utupluti.com\/pl\/c\/ubrania-do-jogi\/legginsy-do-jogi\/\">legginsy do jogi<\/a>, <a href=\"https:\/\/utupluti.com\/pl\/c\/ubrania-do-jogi\/topy-do-jogi\/\">topy do jogi<\/a> i <a href=\"https:\/\/utupluti.com\/pl\/c\/maty-do-jogi\/\">maty do jogi<\/a>.<\/p>\n","protected":false},"excerpt":{"rendered":"<p>Legginsy do jogi Utupluti Beige &#8211; kolor be\u017cowy Be\u017cowe legginsy do jogi\u00a0Utupluti to synonim wysokiego komfortu i maksymalnego poczucia lekko\u015bci podczas praktyki. Minimalistyczny kr\u00f3j z wysokim stanem gwarantuje swobod\u0119 ruch\u00f3w, a stonowana kolorystyka pozwala na pe\u0142ne skupienie na macie i poza ni\u0105. Idealne legginsy do praktyki jogi w domu i studiu. Wysoko\u00a0rozci\u0105gliwy materia\u0142 najwy\u017cszej jako\u015bci [&hellip;]<\/p>\n","protected":false},"featured_media":625017,"comment_status":"open","ping_status":"closed","template":"","meta":[],"product_cat":[314],"product_tag":[],"yoast_head":"<!-- This site is optimized with the Yoast SEO plugin v20.4 - https:\/\/yoast.com\/wordpress\/plugins\/seo\/ -->\n<title>Be\u017cowe Legginsy do jogi Utupluti Beige - Sklep internetowy Utupluti<\/title>\n<meta name=\"description\" content=\"Legginsy do jogi Utupluti Beige - Maty do jogi w konkurencyjnej cenie - wybierz polsk\u0105 mark\u0119 Utupluti\" \/>\n<meta name=\"robots\" content=\"index, follow, max-snippet:-1, max-image-preview:large, max-video-preview:-1\" \/>\n<link rel=\"canonical\" href=\"https:\/\/utupluti.com\/pl\/p\/legginsy-do-jogi-utupluti-beige\/\" \/>\n<meta property=\"og:locale\" content=\"pl_PL\" \/>\n<meta property=\"og:type\" content=\"article\" \/>\n<meta property=\"og:title\" content=\"Be\u017cowe Legginsy do jogi Utupluti Beige - Sklep internetowy Utupluti\" \/>\n<meta property=\"og:description\" content=\"Legginsy do jogi Utupluti Beige - Maty do jogi w konkurencyjnej cenie - wybierz polsk\u0105 mark\u0119 Utupluti\" \/>\n<meta property=\"og:url\" content=\"https:\/\/utupluti.com\/pl\/p\/legginsy-do-jogi-utupluti-beige\/\" \/>\n<meta property=\"og:site_name\" content=\"Utupluti - Maty do jogi\" \/>\n<meta property=\"article:modified_time\" content=\"2026-04-13T13:46:34+00:00\" \/>\n<meta property=\"og:image\" content=\"https:\/\/utupluti.com\/wp-content\/uploads\/2023\/07\/MAA0657-Edit-kopia-scaled.jpg\" \/>\n\t<meta property=\"og:image:width\" content=\"1707\" \/>\n\t<meta property=\"og:image:height\" content=\"2560\" \/>\n\t<meta property=\"og:image:type\" content=\"image\/jpeg\" \/>\n<meta name=\"twitter:card\" content=\"summary_large_image\" \/>\n<meta name=\"twitter:label1\" content=\"Szacowany czas czytania\" \/>\n\t<meta name=\"twitter:data1\" content=\"2 minuty\" \/>\n<!-- \/ Yoast SEO plugin. -->","yoast_head_json":{"title":"Be\u017cowe Legginsy do jogi Utupluti Beige - Sklep internetowy Utupluti","description":"Legginsy do jogi Utupluti Beige - Maty do jogi w konkurencyjnej cenie - wybierz polsk\u0105 mark\u0119 Utupluti","robots":{"index":"index","follow":"follow","max-snippet":"max-snippet:-1","max-image-preview":"max-image-preview:large","max-video-preview":"max-video-preview:-1"},"canonical":"https:\/\/utupluti.com\/pl\/p\/legginsy-do-jogi-utupluti-beige\/","og_locale":"pl_PL","og_type":"article","og_title":"Be\u017cowe Legginsy do jogi Utupluti Beige - Sklep internetowy Utupluti","og_description":"Legginsy do jogi Utupluti Beige - Maty do jogi w konkurencyjnej cenie - wybierz polsk\u0105 mark\u0119 Utupluti","og_url":"https:\/\/utupluti.com\/pl\/p\/legginsy-do-jogi-utupluti-beige\/","og_site_name":"Utupluti - Maty do jogi","article_modified_time":"2026-04-13T13:46:34+00:00","og_image":[{"width":1707,"height":2560,"url":"https:\/\/utupluti.com\/wp-content\/uploads\/2023\/07\/MAA0657-Edit-kopia-scaled.jpg","type":"image\/jpeg"}],"twitter_card":"summary_large_image","twitter_misc":{"Szacowany czas czytania":"2 minuty"},"schema":{"@context":"https:\/\/schema.org","@graph":[{"@type":"WebPage","@id":"https:\/\/utupluti.com\/pl\/p\/legginsy-do-jogi-utupluti-beige\/","url":"https:\/\/utupluti.com\/pl\/p\/legginsy-do-jogi-utupluti-beige\/","name":"Be\u017cowe Legginsy do jogi Utupluti Beige - Sklep internetowy Utupluti","isPartOf":{"@id":"https:\/\/utupluti.com\/pl\/#website"},"datePublished":"2023-07-21T10:15:16+00:00","dateModified":"2026-04-13T13:46:34+00:00","description":"Legginsy do jogi Utupluti Beige - Maty do jogi w konkurencyjnej cenie - wybierz polsk\u0105 mark\u0119 Utupluti","breadcrumb":{"@id":"https:\/\/utupluti.com\/pl\/p\/legginsy-do-jogi-utupluti-beige\/#breadcrumb"},"inLanguage":"pl-PL","potentialAction":[{"@type":"ReadAction","target":["https:\/\/utupluti.com\/pl\/p\/legginsy-do-jogi-utupluti-beige\/"]}]},{"@type":"BreadcrumbList","@id":"https:\/\/utupluti.com\/pl\/p\/legginsy-do-jogi-utupluti-beige\/#breadcrumb","itemListElement":[{"@type":"ListItem","position":1,"name":"Strona g\u0142\u00f3wna","item":"https:\/\/utupluti.com\/pl\/"},{"@type":"ListItem","position":2,"name":"Shop","item":"https:\/\/utupluti.com\/pl\/shop\/"},{"@type":"ListItem","position":3,"name":"Legginsy do jogi Utupluti Beige"}]},{"@type":"WebSite","@id":"https:\/\/utupluti.com\/pl\/#website","url":"https:\/\/utupluti.com\/pl\/","name":"Utupluti - Maty do jogi","description":"","potentialAction":[{"@type":"SearchAction","target":{"@type":"EntryPoint","urlTemplate":"https:\/\/utupluti.com\/pl\/?s={search_term_string}"},"query-input":"required name=search_term_string"}],"inLanguage":"pl-PL"}]}},"_links":{"self":[{"href":"https:\/\/utupluti.com\/pl\/wp-json\/wp\/v2\/product\/623915"}],"collection":[{"href":"https:\/\/utupluti.com\/pl\/wp-json\/wp\/v2\/product"}],"about":[{"href":"https:\/\/utupluti.com\/pl\/wp-json\/wp\/v2\/types\/product"}],"replies":[{"embeddable":true,"href":"https:\/\/utupluti.com\/pl\/wp-json\/wp\/v2\/comments?post=623915"}],"wp:featuredmedia":[{"embeddable":true,"href":"https:\/\/utupluti.com\/pl\/wp-json\/wp\/v2\/media\/625017"}],"wp:attachment":[{"href":"https:\/\/utupluti.com\/pl\/wp-json\/wp\/v2\/media?parent=623915"}],"wp:term":[{"taxonomy":"product_cat","embeddable":true,"href":"https:\/\/utupluti.com\/pl\/wp-json\/wp\/v2\/product_cat?post=623915"},{"taxonomy":"product_tag","embeddable":true,"href":"https:\/\/utupluti.com\/pl\/wp-json\/wp\/v2\/product_tag?post=623915"}],"curies":[{"name":"wp","href":"https:\/\/api.w.org\/{rel}","templated":true}]}}