{"id":623905,"date":"2023-07-21T10:15:17","date_gmt":"2023-07-21T10:15:17","guid":{"rendered":"https:\/\/utupluti.com\/?post_type=product&#038;p=623905"},"modified":"2026-04-17T05:42:34","modified_gmt":"2026-04-17T05:42:34","slug":"legginsy-do-jogi-utupluti-cayenne","status":"publish","type":"product","link":"https:\/\/utupluti.com\/pl\/p\/legginsy-do-jogi-utupluti-cayenne\/","title":{"rendered":"Legginsy do jogi Utupluti Cayenne"},"content":{"rendered":"<p class=\"p1\">Legginsy to jogi Utupluti to synonim wysokiego komfortu i maksymalnego poczucia lekko\u015bci podczas praktyki. Minimalistyczny kr\u00f3j z wysokim stanem gwarantuje swobod\u0119 ruch\u00f3w, a stonowana kolorystyka pozwala na pe\u0142ne skupienie na macie i poza ni\u0105.<\/p>\n<p class=\"p1\"><strong>MATERIA\u0141<\/strong><\/p>\n<p>Certyfikowany materia\u0142 OEKO-TEX Standard 100<\/p>\n<p class=\"p1\">80% nylon 20 % spandex<\/p>\n<p class=\"p1\">Wysoko rozci\u0105gliwy i elastyczny materia\u0142 doskonale modeluje sylwetk\u0119. Delikatna mi\u0119kko\u015b\u0107<span class=\"Apple-converted-space\">\u00a0 <\/span>sprawia, \u017ce czujesz si\u0119 w nim jak w drugiej sk\u00f3rze.<\/p>\n<p class=\"p1\">Oddychaj\u0105ce, trwa\u0142e, odprowadzaj\u0105ce wilgo\u0107 i<span class=\"Apple-converted-space\">\u00a0 <\/span>szybkoschn\u0105ce tworzywo zapewnia komfort podczas \u0107wicze\u0144.<\/p>\n<p class=\"p1\"><strong>PIEL\u0118GNACJA<\/strong><\/p>\n<p class=\"p1\">W trosce o zachowanie wysokiej jako\u015bci produktu nale\u017cy pra\u0107 legginsy r\u0119cznie lub w pralce w temperaturze 30 stopni wywini\u0119te na lewej stronie. Nie suszy\u0107 produktu w suszarkach b\u0119bnowych.<\/p>\n<p><strong>TABELA ROZMIAR\u00d3W<\/strong><\/p>\n<p>Podane parametry dotycz\u0105 wymiaru materia\u0142u.<\/p>\n<table style=\"border: 1px solid black; border-collapse: collapse;\">\n<tbody>\n<tr>\n<th style=\"border: 1px solid black; padding: 10px;\">Rozmiar<\/th>\n<th style=\"border: 1px solid black; padding: 10px;\">Obw\u00f3d talia<\/th>\n<th style=\"border: 1px solid black; padding: 10px;\">Obw\u00f3d biodra<\/th>\n<th style=\"border: 1px solid black; padding: 10px;\">D\u0142ugo\u015b\u0107<\/th>\n<\/tr>\n<tr>\n<td style=\"border: 1px solid black; padding: 10px;\">S<\/td>\n<td style=\"border: 1px solid black; padding: 10px;\">49cm<\/td>\n<td style=\"border: 1px solid black; padding: 10px;\">64cm<\/td>\n<td style=\"border: 1px solid black; padding: 10px;\">79cm<\/td>\n<\/tr>\n<tr>\n<td style=\"border: 1px solid black; padding: 10px;\">M<\/td>\n<td style=\"border: 1px solid black; padding: 10px;\">54cm<\/td>\n<td style=\"border: 1px solid black; padding: 10px;\">69cm<\/td>\n<td style=\"border: 1px solid black; padding: 10px;\">80cm<\/td>\n<\/tr>\n<tr>\n<td style=\"border: 1px solid black; padding: 10px;\">L<\/td>\n<td style=\"border: 1px solid black; padding: 10px;\">59cm<\/td>\n<td style=\"border: 1px solid black; padding: 10px;\">74cm<\/td>\n<td style=\"border: 1px solid black; padding: 10px;\">81cm<\/td>\n<\/tr>\n<\/tbody>\n<\/table>\n<p>&nbsp;<\/p>\n","protected":false},"excerpt":{"rendered":"<p>Legginsy to jogi Utupluti to synonim wysokiego komfortu i maksymalnego poczucia lekko\u015bci podczas praktyki. Minimalistyczny kr\u00f3j z wysokim stanem gwarantuje swobod\u0119 ruch\u00f3w, a stonowana kolorystyka pozwala na pe\u0142ne skupienie na macie i poza ni\u0105. MATERIA\u0141 Certyfikowany materia\u0142 OEKO-TEX Standard 100 80% nylon 20 % spandex Wysoko rozci\u0105gliwy i elastyczny materia\u0142 doskonale modeluje sylwetk\u0119. Delikatna mi\u0119kko\u015b\u0107\u00a0 [&hellip;]<\/p>\n","protected":false},"featured_media":625024,"comment_status":"open","ping_status":"closed","template":"","meta":[],"product_cat":[314],"product_tag":[],"yoast_head":"<!-- This site is optimized with the Yoast SEO plugin v20.4 - https:\/\/yoast.com\/wordpress\/plugins\/seo\/ -->\n<title>Czerwony Legginsy do jogi Utupluti Cayenne - Sklep internetowy Utupluti<\/title>\n<meta name=\"description\" content=\"Legginsy do jogi Utupluti Cayenne - Maty do jogi w konkurencyjnej cenie - wybierz polsk\u0105 mark\u0119 Utupluti\" \/>\n<meta name=\"robots\" content=\"index, follow, max-snippet:-1, max-image-preview:large, max-video-preview:-1\" \/>\n<link rel=\"canonical\" href=\"https:\/\/utupluti.com\/pl\/p\/legginsy-do-jogi-utupluti-cayenne\/\" \/>\n<meta property=\"og:locale\" content=\"pl_PL\" \/>\n<meta property=\"og:type\" content=\"article\" \/>\n<meta property=\"og:title\" content=\"Czerwony Legginsy do jogi Utupluti Cayenne - Sklep internetowy Utupluti\" \/>\n<meta property=\"og:description\" content=\"Legginsy do jogi Utupluti Cayenne - Maty do jogi w konkurencyjnej cenie - wybierz polsk\u0105 mark\u0119 Utupluti\" \/>\n<meta property=\"og:url\" content=\"https:\/\/utupluti.com\/pl\/p\/legginsy-do-jogi-utupluti-cayenne\/\" \/>\n<meta property=\"og:site_name\" content=\"Utupluti - Maty do jogi\" \/>\n<meta property=\"article:modified_time\" content=\"2026-04-17T05:42:34+00:00\" \/>\n<meta property=\"og:image\" content=\"https:\/\/utupluti.com\/wp-content\/uploads\/2023\/07\/MAA0725-Edit-kopia-scaled.jpg\" \/>\n\t<meta property=\"og:image:width\" content=\"1707\" \/>\n\t<meta property=\"og:image:height\" content=\"2560\" \/>\n\t<meta property=\"og:image:type\" content=\"image\/jpeg\" \/>\n<meta name=\"twitter:card\" content=\"summary_large_image\" \/>\n<meta name=\"twitter:label1\" content=\"Szacowany czas czytania\" \/>\n\t<meta name=\"twitter:data1\" content=\"1 minuta\" \/>\n<!-- \/ Yoast SEO plugin. -->","yoast_head_json":{"title":"Czerwony Legginsy do jogi Utupluti Cayenne - Sklep internetowy Utupluti","description":"Legginsy do jogi Utupluti Cayenne - Maty do jogi w konkurencyjnej cenie - wybierz polsk\u0105 mark\u0119 Utupluti","robots":{"index":"index","follow":"follow","max-snippet":"max-snippet:-1","max-image-preview":"max-image-preview:large","max-video-preview":"max-video-preview:-1"},"canonical":"https:\/\/utupluti.com\/pl\/p\/legginsy-do-jogi-utupluti-cayenne\/","og_locale":"pl_PL","og_type":"article","og_title":"Czerwony Legginsy do jogi Utupluti Cayenne - Sklep internetowy Utupluti","og_description":"Legginsy do jogi Utupluti Cayenne - Maty do jogi w konkurencyjnej cenie - wybierz polsk\u0105 mark\u0119 Utupluti","og_url":"https:\/\/utupluti.com\/pl\/p\/legginsy-do-jogi-utupluti-cayenne\/","og_site_name":"Utupluti - Maty do jogi","article_modified_time":"2026-04-17T05:42:34+00:00","og_image":[{"width":1707,"height":2560,"url":"https:\/\/utupluti.com\/wp-content\/uploads\/2023\/07\/MAA0725-Edit-kopia-scaled.jpg","type":"image\/jpeg"}],"twitter_card":"summary_large_image","twitter_misc":{"Szacowany czas czytania":"1 minuta"},"schema":{"@context":"https:\/\/schema.org","@graph":[{"@type":"WebPage","@id":"https:\/\/utupluti.com\/pl\/p\/legginsy-do-jogi-utupluti-cayenne\/","url":"https:\/\/utupluti.com\/pl\/p\/legginsy-do-jogi-utupluti-cayenne\/","name":"Czerwony Legginsy do jogi Utupluti Cayenne - Sklep internetowy Utupluti","isPartOf":{"@id":"https:\/\/utupluti.com\/pl\/#website"},"datePublished":"2023-07-21T10:15:17+00:00","dateModified":"2026-04-17T05:42:34+00:00","description":"Legginsy do jogi Utupluti Cayenne - Maty do jogi w konkurencyjnej cenie - wybierz polsk\u0105 mark\u0119 Utupluti","breadcrumb":{"@id":"https:\/\/utupluti.com\/pl\/p\/legginsy-do-jogi-utupluti-cayenne\/#breadcrumb"},"inLanguage":"pl-PL","potentialAction":[{"@type":"ReadAction","target":["https:\/\/utupluti.com\/pl\/p\/legginsy-do-jogi-utupluti-cayenne\/"]}]},{"@type":"BreadcrumbList","@id":"https:\/\/utupluti.com\/pl\/p\/legginsy-do-jogi-utupluti-cayenne\/#breadcrumb","itemListElement":[{"@type":"ListItem","position":1,"name":"Strona g\u0142\u00f3wna","item":"https:\/\/utupluti.com\/pl\/"},{"@type":"ListItem","position":2,"name":"Shop","item":"https:\/\/utupluti.com\/pl\/shop\/"},{"@type":"ListItem","position":3,"name":"Legginsy do jogi Utupluti Cayenne"}]},{"@type":"WebSite","@id":"https:\/\/utupluti.com\/pl\/#website","url":"https:\/\/utupluti.com\/pl\/","name":"Utupluti - Maty do jogi","description":"","potentialAction":[{"@type":"SearchAction","target":{"@type":"EntryPoint","urlTemplate":"https:\/\/utupluti.com\/pl\/?s={search_term_string}"},"query-input":"required name=search_term_string"}],"inLanguage":"pl-PL"}]}},"_links":{"self":[{"href":"https:\/\/utupluti.com\/pl\/wp-json\/wp\/v2\/product\/623905"}],"collection":[{"href":"https:\/\/utupluti.com\/pl\/wp-json\/wp\/v2\/product"}],"about":[{"href":"https:\/\/utupluti.com\/pl\/wp-json\/wp\/v2\/types\/product"}],"replies":[{"embeddable":true,"href":"https:\/\/utupluti.com\/pl\/wp-json\/wp\/v2\/comments?post=623905"}],"wp:featuredmedia":[{"embeddable":true,"href":"https:\/\/utupluti.com\/pl\/wp-json\/wp\/v2\/media\/625024"}],"wp:attachment":[{"href":"https:\/\/utupluti.com\/pl\/wp-json\/wp\/v2\/media?parent=623905"}],"wp:term":[{"taxonomy":"product_cat","embeddable":true,"href":"https:\/\/utupluti.com\/pl\/wp-json\/wp\/v2\/product_cat?post=623905"},{"taxonomy":"product_tag","embeddable":true,"href":"https:\/\/utupluti.com\/pl\/wp-json\/wp\/v2\/product_tag?post=623905"}],"curies":[{"name":"wp","href":"https:\/\/api.w.org\/{rel}","templated":true}]}}