{"id":18729,"date":"2021-02-02T12:35:53","date_gmt":"2021-02-02T12:35:53","guid":{"rendered":"https:\/\/utupluti.com\/?post_type=product&#038;p=18729"},"modified":"2026-04-10T08:17:55","modified_gmt":"2026-04-10T08:17:55","slug":"pasek-do-noszenia-maty-utupluti","status":"publish","type":"product","link":"https:\/\/utupluti.com\/pl\/p\/pasek-do-noszenia-maty-utupluti\/","title":{"rendered":"Pasek do noszenia maty Utupluti"},"content":{"rendered":"<p class=\"p1\">Nasz nowy pasek Utupluti to niezawodne i praktyczne akcesorium do przenoszenia maty, jak i przechowywania jej zwini\u0119tej w jednym miejscu. Od teraz mo\u017cesz zabiera\u0107 swoj\u0105 ulubion\u0105 mat\u0119 Utupluti wsz\u0119dzie tam, gdzie tylko zapragniesz, na zaj\u0119cia jogi w studiu lub praktyk\u0119 w zacisznym miejscu na \u015bwie\u017cym powietrzu.<\/p>\n<p class=\"p1\">Pasek jest wykonany ze 100 % bawe\u0142ny, z trwa\u0142ego i przyjemnego w dotyku materia\u0142u. Dost\u0119pny jest w dw\u00f3ch wariantach kolorystycznych. Wyj\u0105tkowy, etniczny wz\u00f3r przypadnie do gustu ka\u017cdemu.<\/p>\n<p class=\"p1\"><strong>Jak u\u017cywa\u0107 pasek do noszenia maty?<\/strong><\/p>\n<p class=\"p1\"><span class=\"Apple-converted-space\">\u00a0<\/span>To bardzo proste! Wystarczy dobrze zwin\u0105\u0107 mat\u0119, na obu jej ko\u0144cach umie\u015bci\u0107 p\u0119tle paska i gotowe. Do noszenia wystarczy za\u0142o\u017cy\u0107 pasek na rami\u0119. Przekonasz si\u0119, \u017ce jest to bardzo wygodny spos\u00f3b transportu maty.<span class=\"Apple-converted-space\">\u00a0<\/span><\/p>\n","protected":false},"excerpt":{"rendered":"<p>Nasz nowy pasek Utupluti to niezawodne i praktyczne akcesorium do przenoszenia maty, jak i przechowywania jej zwini\u0119tej w jednym miejscu. Od teraz mo\u017cesz zabiera\u0107 swoj\u0105 ulubion\u0105 mat\u0119 Utupluti wsz\u0119dzie tam, gdzie tylko zapragniesz, na zaj\u0119cia jogi w studiu lub praktyk\u0119 w zacisznym miejscu na \u015bwie\u017cym powietrzu. Pasek jest wykonany ze 100 % bawe\u0142ny, z trwa\u0142ego [&hellip;]<\/p>\n","protected":false},"featured_media":19351,"comment_status":"open","ping_status":"closed","template":"","meta":[],"product_cat":[203],"product_tag":[],"yoast_head":"<!-- This site is optimized with the Yoast SEO plugin v20.4 - https:\/\/yoast.com\/wordpress\/plugins\/seo\/ -->\n<title>Pasek do noszenia maty Utupluti - Sklep internetowy Utupluti<\/title>\n<meta name=\"description\" content=\"Pasek do noszenia maty Utupluti - Maty do jogi w konkurencyjnej cenie - wybierz polsk\u0105 mark\u0119 Utupluti\" \/>\n<meta name=\"robots\" content=\"index, follow, max-snippet:-1, max-image-preview:large, max-video-preview:-1\" \/>\n<link rel=\"canonical\" href=\"https:\/\/utupluti.com\/pl\/p\/pasek-do-noszenia-maty-utupluti\/\" \/>\n<meta property=\"og:locale\" content=\"pl_PL\" \/>\n<meta property=\"og:type\" content=\"article\" \/>\n<meta property=\"og:title\" content=\"Pasek do noszenia maty Utupluti - Sklep internetowy Utupluti\" \/>\n<meta property=\"og:description\" content=\"Pasek do noszenia maty Utupluti - Maty do jogi w konkurencyjnej cenie - wybierz polsk\u0105 mark\u0119 Utupluti\" \/>\n<meta property=\"og:url\" content=\"https:\/\/utupluti.com\/pl\/p\/pasek-do-noszenia-maty-utupluti\/\" \/>\n<meta property=\"og:site_name\" content=\"Utupluti - Maty do jogi\" \/>\n<meta property=\"article:modified_time\" content=\"2026-04-10T08:17:55+00:00\" \/>\n<meta property=\"og:image\" content=\"https:\/\/utupluti.com\/wp-content\/uploads\/2021\/02\/RAD1473-scaled1.jpg\" \/>\n\t<meta property=\"og:image:width\" content=\"1707\" \/>\n\t<meta property=\"og:image:height\" content=\"2560\" \/>\n\t<meta property=\"og:image:type\" content=\"image\/jpeg\" \/>\n<meta name=\"twitter:card\" content=\"summary_large_image\" \/>\n<meta name=\"twitter:label1\" content=\"Szacowany czas czytania\" \/>\n\t<meta name=\"twitter:data1\" content=\"1 minuta\" \/>\n<!-- \/ Yoast SEO plugin. -->","yoast_head_json":{"title":"Pasek do noszenia maty Utupluti - Sklep internetowy Utupluti","description":"Pasek do noszenia maty Utupluti - Maty do jogi w konkurencyjnej cenie - wybierz polsk\u0105 mark\u0119 Utupluti","robots":{"index":"index","follow":"follow","max-snippet":"max-snippet:-1","max-image-preview":"max-image-preview:large","max-video-preview":"max-video-preview:-1"},"canonical":"https:\/\/utupluti.com\/pl\/p\/pasek-do-noszenia-maty-utupluti\/","og_locale":"pl_PL","og_type":"article","og_title":"Pasek do noszenia maty Utupluti - Sklep internetowy Utupluti","og_description":"Pasek do noszenia maty Utupluti - Maty do jogi w konkurencyjnej cenie - wybierz polsk\u0105 mark\u0119 Utupluti","og_url":"https:\/\/utupluti.com\/pl\/p\/pasek-do-noszenia-maty-utupluti\/","og_site_name":"Utupluti - Maty do jogi","article_modified_time":"2026-04-10T08:17:55+00:00","og_image":[{"width":1707,"height":2560,"url":"https:\/\/utupluti.com\/wp-content\/uploads\/2021\/02\/RAD1473-scaled1.jpg","type":"image\/jpeg"}],"twitter_card":"summary_large_image","twitter_misc":{"Szacowany czas czytania":"1 minuta"},"schema":{"@context":"https:\/\/schema.org","@graph":[{"@type":"WebPage","@id":"https:\/\/utupluti.com\/pl\/p\/pasek-do-noszenia-maty-utupluti\/","url":"https:\/\/utupluti.com\/pl\/p\/pasek-do-noszenia-maty-utupluti\/","name":"Pasek do noszenia maty Utupluti - Sklep internetowy Utupluti","isPartOf":{"@id":"https:\/\/utupluti.com\/pl\/#website"},"datePublished":"2021-02-02T12:35:53+00:00","dateModified":"2026-04-10T08:17:55+00:00","description":"Pasek do noszenia maty Utupluti - Maty do jogi w konkurencyjnej cenie - wybierz polsk\u0105 mark\u0119 Utupluti","breadcrumb":{"@id":"https:\/\/utupluti.com\/pl\/p\/pasek-do-noszenia-maty-utupluti\/#breadcrumb"},"inLanguage":"pl-PL","potentialAction":[{"@type":"ReadAction","target":["https:\/\/utupluti.com\/pl\/p\/pasek-do-noszenia-maty-utupluti\/"]}]},{"@type":"BreadcrumbList","@id":"https:\/\/utupluti.com\/pl\/p\/pasek-do-noszenia-maty-utupluti\/#breadcrumb","itemListElement":[{"@type":"ListItem","position":1,"name":"Strona g\u0142\u00f3wna","item":"https:\/\/utupluti.com\/pl\/"},{"@type":"ListItem","position":2,"name":"Shop","item":"https:\/\/utupluti.com\/pl\/shop\/"},{"@type":"ListItem","position":3,"name":"Pasek do noszenia maty Utupluti"}]},{"@type":"WebSite","@id":"https:\/\/utupluti.com\/pl\/#website","url":"https:\/\/utupluti.com\/pl\/","name":"Utupluti - Maty do jogi","description":"","potentialAction":[{"@type":"SearchAction","target":{"@type":"EntryPoint","urlTemplate":"https:\/\/utupluti.com\/pl\/?s={search_term_string}"},"query-input":"required name=search_term_string"}],"inLanguage":"pl-PL"}]}},"_links":{"self":[{"href":"https:\/\/utupluti.com\/pl\/wp-json\/wp\/v2\/product\/18729"}],"collection":[{"href":"https:\/\/utupluti.com\/pl\/wp-json\/wp\/v2\/product"}],"about":[{"href":"https:\/\/utupluti.com\/pl\/wp-json\/wp\/v2\/types\/product"}],"replies":[{"embeddable":true,"href":"https:\/\/utupluti.com\/pl\/wp-json\/wp\/v2\/comments?post=18729"}],"wp:featuredmedia":[{"embeddable":true,"href":"https:\/\/utupluti.com\/pl\/wp-json\/wp\/v2\/media\/19351"}],"wp:attachment":[{"href":"https:\/\/utupluti.com\/pl\/wp-json\/wp\/v2\/media?parent=18729"}],"wp:term":[{"taxonomy":"product_cat","embeddable":true,"href":"https:\/\/utupluti.com\/pl\/wp-json\/wp\/v2\/product_cat?post=18729"},{"taxonomy":"product_tag","embeddable":true,"href":"https:\/\/utupluti.com\/pl\/wp-json\/wp\/v2\/product_tag?post=18729"}],"curies":[{"name":"wp","href":"https:\/\/api.w.org\/{rel}","templated":true}]}}