{"id":143155,"date":"2021-08-27T10:36:25","date_gmt":"2021-08-27T10:36:25","guid":{"rendered":"https:\/\/utupluti.com\/?post_type=product&#038;p=143155"},"modified":"2026-04-08T14:18:25","modified_gmt":"2026-04-08T14:18:25","slug":"utupluti-pu-pro-print-yellow","status":"publish","type":"product","link":"https:\/\/utupluti.com\/pl\/p\/utupluti-pu-pro-print-yellow\/","title":{"rendered":"Utupluti PU Pro Print Yellow"},"content":{"rendered":"<p class=\"p1\"><span class=\"s1\"><strong>UTUPLUTI PU PRO PRINT<\/strong>\u00a0to mata z\u00a0<strong>naturalnego kauczuku<\/strong>\u00a0powleczona na powierzchni warstw\u0105\u00a0<strong>poliuretanu<\/strong>, wykazuj\u0105cego bardzo wysok\u0105 przyczepno\u015b\u0107, kt\u00f3ra aktywuje si\u0119 bardziej wraz ze wzrostem intensywno\u015bci praktyki. Delikatna i mi\u0119kka w dotyku powierzchnia maty umila ka\u017cd\u0105 praktyk\u0119 jogi, a antypo\u015blizgowy materia\u0142 zwi\u0119ksza bezpiecze\u0144stwo i efektywno\u015b\u0107 treningu, zapewniaj\u0105c doskona\u0142\u0105 amortyzacj\u0119 stawom.<\/span><\/p>\n<p>Mata \u2013 poza niewielkim logo UTUPLUTI \u2013 posiada laserowo wykonany nadruk. W centralnej cz\u0119\u015bci maty znajduje si\u0119 mandala, symbol harmonii i r\u00f3wnowagi wewn\u0119trznej. Nadrukowane s\u0105 tak\u017ce pomocnicze linie, wyznaczaj\u0105ce punkty ustawienia cia\u0142a.<\/p>\n<p class=\"p1\"><span class=\"s1\">UTUPLUTI PU PRO idealnie sprawdza si\u0119 przy intensywnych formach jogi jak Ashtanga, Vinyasa, Power Joga czy Bikram.<\/span><\/p>\n<p class=\"p1\"><strong><span class=\"s1\">Piel\u0119gnacja<\/span><\/strong><\/p>\n<p class=\"p1\"><span class=\"s1\">Mat\u0119 nale\u017cy czy\u015bci\u0107 wilgotn\u0105 \u015bciereczk\u0105 po ka\u017cdej praktyce. Nie u\u017cywa\u0107 detergent\u00f3w i p\u0142yn\u00f3w na bazie alkoholi, poniewa\u017c chemiczne \u015brodki mog\u0105 wp\u0142yn\u0105\u0107 niekorzystnie na przyczepno\u015b\u0107 poliuretanu. Nie zaleca si\u0119 u\u017cywania krem\u00f3w i balsam\u00f3w do cia\u0142a przed praktyk\u0105, \u017ceby nie zostawia\u0107 t\u0142ustych plam.\u00a0\u00a0<\/span><\/p>\n<p>Poliuretan silnie wch\u0142ania wilgo\u0107, wi\u0119c na powierzchni mog\u0105 z czasem pojawi\u0107 si\u0119\u00a0 przebarwienia. Nie maj\u0105 one jednak \u017cadnego wp\u0142ywu na funkcjonalno\u015b\u0107 maty.<\/p>\n<p class=\"p1\"><span class=\"s1\"><strong>Zwija\u0107 warstw\u0105 delikatn\u0105, czyli poliuretanow\u0105 na zewn\u0105trz<\/strong>. Dzi\u0119ki temu mata nie b\u0119dzie si\u0119 marszczy\u0107.<\/span><\/p>\n","protected":false},"excerpt":{"rendered":"<div class=\"woocommerce-product-details__short-description\">\n<p><strong>Zam\u00f3w do 11:30, a wy\u015blemy tego samego dnia.<\/strong><\/p>\n<\/div>\n<div class=\"btn-atc stripe-enabled atc-slide\"><\/div>\n","protected":false},"featured_media":718138,"comment_status":"open","ping_status":"closed","template":"","meta":[],"product_cat":[177],"product_tag":[],"yoast_head":"<!-- This site is optimized with the Yoast SEO plugin v20.4 - https:\/\/yoast.com\/wordpress\/plugins\/seo\/ -->\n<title>Utupluti PU Pro Print Yellow - Sklep internetowy Utupluti<\/title>\n<meta name=\"description\" content=\"Utupluti PU Pro Print Yellow - Maty do jogi w konkurencyjnej cenie - wybierz polsk\u0105 mark\u0119 Utupluti\" \/>\n<meta name=\"robots\" content=\"index, follow, max-snippet:-1, max-image-preview:large, max-video-preview:-1\" \/>\n<link rel=\"canonical\" href=\"https:\/\/utupluti.com\/pl\/p\/utupluti-pu-pro-print-yellow\/\" \/>\n<meta property=\"og:locale\" content=\"pl_PL\" \/>\n<meta property=\"og:type\" content=\"article\" \/>\n<meta property=\"og:title\" content=\"Utupluti PU Pro Print Yellow - Sklep internetowy Utupluti\" \/>\n<meta property=\"og:description\" content=\"Utupluti PU Pro Print Yellow - Maty do jogi w konkurencyjnej cenie - wybierz polsk\u0105 mark\u0119 Utupluti\" \/>\n<meta property=\"og:url\" content=\"https:\/\/utupluti.com\/pl\/p\/utupluti-pu-pro-print-yellow\/\" \/>\n<meta property=\"og:site_name\" content=\"Utupluti - Maty do jogi\" \/>\n<meta property=\"article:modified_time\" content=\"2026-04-08T14:18:25+00:00\" \/>\n<meta property=\"og:image\" content=\"https:\/\/utupluti.com\/wp-content\/uploads\/2023\/12\/print_yellow_mandala_1-576x1024.png\" \/>\n\t<meta property=\"og:image:width\" content=\"576\" \/>\n\t<meta property=\"og:image:height\" content=\"1024\" \/>\n\t<meta property=\"og:image:type\" content=\"image\/png\" \/>\n<meta name=\"twitter:card\" content=\"summary_large_image\" \/>\n<meta name=\"twitter:label1\" content=\"Szacowany czas czytania\" \/>\n\t<meta name=\"twitter:data1\" content=\"2 minuty\" \/>\n<!-- \/ Yoast SEO plugin. -->","yoast_head_json":{"title":"Utupluti PU Pro Print Yellow - Sklep internetowy Utupluti","description":"Utupluti PU Pro Print Yellow - Maty do jogi w konkurencyjnej cenie - wybierz polsk\u0105 mark\u0119 Utupluti","robots":{"index":"index","follow":"follow","max-snippet":"max-snippet:-1","max-image-preview":"max-image-preview:large","max-video-preview":"max-video-preview:-1"},"canonical":"https:\/\/utupluti.com\/pl\/p\/utupluti-pu-pro-print-yellow\/","og_locale":"pl_PL","og_type":"article","og_title":"Utupluti PU Pro Print Yellow - Sklep internetowy Utupluti","og_description":"Utupluti PU Pro Print Yellow - Maty do jogi w konkurencyjnej cenie - wybierz polsk\u0105 mark\u0119 Utupluti","og_url":"https:\/\/utupluti.com\/pl\/p\/utupluti-pu-pro-print-yellow\/","og_site_name":"Utupluti - Maty do jogi","article_modified_time":"2026-04-08T14:18:25+00:00","og_image":[{"width":576,"height":1024,"url":"https:\/\/utupluti.com\/wp-content\/uploads\/2023\/12\/print_yellow_mandala_1-576x1024.png","type":"image\/png"}],"twitter_card":"summary_large_image","twitter_misc":{"Szacowany czas czytania":"2 minuty"},"schema":{"@context":"https:\/\/schema.org","@graph":[{"@type":"WebPage","@id":"https:\/\/utupluti.com\/pl\/p\/utupluti-pu-pro-print-yellow\/","url":"https:\/\/utupluti.com\/pl\/p\/utupluti-pu-pro-print-yellow\/","name":"Utupluti PU Pro Print Yellow - Sklep internetowy Utupluti","isPartOf":{"@id":"https:\/\/utupluti.com\/pl\/#website"},"datePublished":"2021-08-27T10:36:25+00:00","dateModified":"2026-04-08T14:18:25+00:00","description":"Utupluti PU Pro Print Yellow - Maty do jogi w konkurencyjnej cenie - wybierz polsk\u0105 mark\u0119 Utupluti","breadcrumb":{"@id":"https:\/\/utupluti.com\/pl\/p\/utupluti-pu-pro-print-yellow\/#breadcrumb"},"inLanguage":"pl-PL","potentialAction":[{"@type":"ReadAction","target":["https:\/\/utupluti.com\/pl\/p\/utupluti-pu-pro-print-yellow\/"]}]},{"@type":"BreadcrumbList","@id":"https:\/\/utupluti.com\/pl\/p\/utupluti-pu-pro-print-yellow\/#breadcrumb","itemListElement":[{"@type":"ListItem","position":1,"name":"Strona g\u0142\u00f3wna","item":"https:\/\/utupluti.com\/pl\/"},{"@type":"ListItem","position":2,"name":"Shop","item":"https:\/\/utupluti.com\/pl\/shop\/"},{"@type":"ListItem","position":3,"name":"Utupluti PU Pro Print Yellow"}]},{"@type":"WebSite","@id":"https:\/\/utupluti.com\/pl\/#website","url":"https:\/\/utupluti.com\/pl\/","name":"Utupluti - Maty do jogi","description":"","potentialAction":[{"@type":"SearchAction","target":{"@type":"EntryPoint","urlTemplate":"https:\/\/utupluti.com\/pl\/?s={search_term_string}"},"query-input":"required name=search_term_string"}],"inLanguage":"pl-PL"}]}},"_links":{"self":[{"href":"https:\/\/utupluti.com\/pl\/wp-json\/wp\/v2\/product\/143155"}],"collection":[{"href":"https:\/\/utupluti.com\/pl\/wp-json\/wp\/v2\/product"}],"about":[{"href":"https:\/\/utupluti.com\/pl\/wp-json\/wp\/v2\/types\/product"}],"replies":[{"embeddable":true,"href":"https:\/\/utupluti.com\/pl\/wp-json\/wp\/v2\/comments?post=143155"}],"wp:featuredmedia":[{"embeddable":true,"href":"https:\/\/utupluti.com\/pl\/wp-json\/wp\/v2\/media\/718138"}],"wp:attachment":[{"href":"https:\/\/utupluti.com\/pl\/wp-json\/wp\/v2\/media?parent=143155"}],"wp:term":[{"taxonomy":"product_cat","embeddable":true,"href":"https:\/\/utupluti.com\/pl\/wp-json\/wp\/v2\/product_cat?post=143155"},{"taxonomy":"product_tag","embeddable":true,"href":"https:\/\/utupluti.com\/pl\/wp-json\/wp\/v2\/product_tag?post=143155"}],"curies":[{"name":"wp","href":"https:\/\/api.w.org\/{rel}","templated":true}]}}