{"id":7587,"date":"2015-12-24T13:43:34","date_gmt":"2015-12-24T13:43:34","guid":{"rendered":"http:\/\/flow.elated-themes.com\/?page_id=3035"},"modified":"2024-01-29T11:50:39","modified_gmt":"2024-01-29T11:50:39","slug":"kontakt","status":"publish","type":"page","link":"https:\/\/utupluti.com\/pl\/kontakt\/","title":{"rendered":"Kontakt"},"content":{"rendered":"<p>[vc_row css=&#8221;.vc_custom_1464951274092{margin-top: 60px !important;margin-bottom: 60px !important;}&#8221;][vc_column][vc_column_text css=&#8221;.vc_custom_1581512309677{margin-bottom: 1em !important;}&#8221;]<\/p>\n<h3>Chcesz si\u0119 z nami skontaktowa\u0107?<\/h3>\n<p>[\/vc_column_text][vc_column_text]Z ch\u0119ci\u0105 odpowiemy na wszystkie pytania. Mo\u017cesz zadzwoni\u0107 lub wys\u0142a\u0107 e-mail na podany adres.<\/p>\n<p><i class=\"fa fa-phone\"><\/i> 660004843<\/p>\n<p><i class=\"fa fa-envelope\"><\/i> kontakt@utupluti.com<\/p>\n<p><strong>Dane firmowe Utupluti<\/strong><\/p>\n<p>Grzegorz Koz\u0142owski<br \/>\nGr\u0105dzkie 3a<br \/>\n11-510 Wydminy<br \/>\nNIP: 9730795399[\/vc_column_text][\/vc_column][\/vc_row]<\/p>\n","protected":false},"excerpt":{"rendered":"<p>[vc_row css=&#8221;.vc_custom_1464951274092{margin-top: 60px !important;margin-bottom: 60px !important;}&#8221;][vc_column][vc_column_text css=&#8221;.vc_custom_1581512309677{margin-bottom: 1em !important;}&#8221;] Chcesz si\u0119 z nami skontaktowa\u0107? [\/vc_column_text][vc_column_text]Z ch\u0119ci\u0105 odpowiemy na wszystkie pytania. Mo\u017cesz zadzwoni\u0107 lub wys\u0142a\u0107 e-mail na podany adres. 660004843 kontakt@utupluti.com Dane firmowe Utupluti Grzegorz Koz\u0142owski Gr\u0105dzkie 3a 11-510 Wydminy NIP: 9730795399[\/vc_column_text][\/vc_column][\/vc_row]<\/p>\n","protected":false},"author":1,"featured_media":7840,"parent":0,"menu_order":0,"comment_status":"closed","ping_status":"closed","template":"","meta":[],"yoast_head":"<!-- This site is optimized with the Yoast SEO plugin v20.4 - https:\/\/yoast.com\/wordpress\/plugins\/seo\/ -->\n<title>Kontakt - Sklep internetowy Utupluti<\/title>\n<meta name=\"robots\" content=\"index, follow, max-snippet:-1, max-image-preview:large, max-video-preview:-1\" \/>\n<link rel=\"canonical\" href=\"https:\/\/utupluti.com\/pl\/kontakt\/\" \/>\n<meta property=\"og:locale\" content=\"pl_PL\" \/>\n<meta property=\"og:type\" content=\"article\" \/>\n<meta property=\"og:title\" content=\"Kontakt - Sklep internetowy Utupluti\" \/>\n<meta property=\"og:description\" content=\"[vc_row css=&#8221;.vc_custom_1464951274092{margin-top: 60px !important;margin-bottom: 60px !important;}&#8221;][vc_column][vc_column_text css=&#8221;.vc_custom_1581512309677{margin-bottom: 1em !important;}&#8221;] Chcesz si\u0119 z nami skontaktowa\u0107? [\/vc_column_text][vc_column_text]Z ch\u0119ci\u0105 odpowiemy na wszystkie pytania. Mo\u017cesz zadzwoni\u0107 lub wys\u0142a\u0107 e-mail na podany adres. 660004843 kontakt@utupluti.com Dane firmowe Utupluti Grzegorz Koz\u0142owski Gr\u0105dzkie 3a 11-510 Wydminy NIP: 9730795399[\/vc_column_text][\/vc_column][\/vc_row]\" \/>\n<meta property=\"og:url\" content=\"https:\/\/utupluti.com\/pl\/kontakt\/\" \/>\n<meta property=\"og:site_name\" content=\"Utupluti - Maty do jogi\" \/>\n<meta property=\"article:modified_time\" content=\"2024-01-29T11:50:39+00:00\" \/>\n<meta property=\"og:image\" content=\"https:\/\/utupluti.com\/wp-content\/uploads\/2020\/08\/mata-do-jogi-blue2.jpg\" \/>\n\t<meta property=\"og:image:width\" content=\"1417\" \/>\n\t<meta property=\"og:image:height\" content=\"945\" \/>\n\t<meta property=\"og:image:type\" content=\"image\/jpeg\" \/>\n<meta name=\"twitter:card\" content=\"summary_large_image\" \/>\n<meta name=\"twitter:label1\" content=\"Szacowany czas czytania\" \/>\n\t<meta name=\"twitter:data1\" content=\"1 minuta\" \/>\n<!-- \/ Yoast SEO plugin. -->","yoast_head_json":{"title":"Kontakt - Sklep internetowy Utupluti","robots":{"index":"index","follow":"follow","max-snippet":"max-snippet:-1","max-image-preview":"max-image-preview:large","max-video-preview":"max-video-preview:-1"},"canonical":"https:\/\/utupluti.com\/pl\/kontakt\/","og_locale":"pl_PL","og_type":"article","og_title":"Kontakt - Sklep internetowy Utupluti","og_description":"[vc_row css=&#8221;.vc_custom_1464951274092{margin-top: 60px !important;margin-bottom: 60px !important;}&#8221;][vc_column][vc_column_text css=&#8221;.vc_custom_1581512309677{margin-bottom: 1em !important;}&#8221;] Chcesz si\u0119 z nami skontaktowa\u0107? [\/vc_column_text][vc_column_text]Z ch\u0119ci\u0105 odpowiemy na wszystkie pytania. Mo\u017cesz zadzwoni\u0107 lub wys\u0142a\u0107 e-mail na podany adres. 660004843 kontakt@utupluti.com Dane firmowe Utupluti Grzegorz Koz\u0142owski Gr\u0105dzkie 3a 11-510 Wydminy NIP: 9730795399[\/vc_column_text][\/vc_column][\/vc_row]","og_url":"https:\/\/utupluti.com\/pl\/kontakt\/","og_site_name":"Utupluti - Maty do jogi","article_modified_time":"2024-01-29T11:50:39+00:00","og_image":[{"width":1417,"height":945,"url":"https:\/\/utupluti.com\/wp-content\/uploads\/2020\/08\/mata-do-jogi-blue2.jpg","type":"image\/jpeg"}],"twitter_card":"summary_large_image","twitter_misc":{"Szacowany czas czytania":"1 minuta"},"schema":{"@context":"https:\/\/schema.org","@graph":[{"@type":"WebPage","@id":"https:\/\/utupluti.com\/pl\/kontakt\/","url":"https:\/\/utupluti.com\/pl\/kontakt\/","name":"Kontakt - Sklep internetowy Utupluti","isPartOf":{"@id":"https:\/\/utupluti.com\/pl\/#website"},"datePublished":"2015-12-24T13:43:34+00:00","dateModified":"2024-01-29T11:50:39+00:00","breadcrumb":{"@id":"https:\/\/utupluti.com\/pl\/kontakt\/#breadcrumb"},"inLanguage":"pl-PL","potentialAction":[{"@type":"ReadAction","target":["https:\/\/utupluti.com\/pl\/kontakt\/"]}]},{"@type":"BreadcrumbList","@id":"https:\/\/utupluti.com\/pl\/kontakt\/#breadcrumb","itemListElement":[{"@type":"ListItem","position":1,"name":"Strona g\u0142\u00f3wna","item":"https:\/\/utupluti.com\/pl\/"},{"@type":"ListItem","position":2,"name":"Kontakt"}]},{"@type":"WebSite","@id":"https:\/\/utupluti.com\/pl\/#website","url":"https:\/\/utupluti.com\/pl\/","name":"Utupluti - Maty do jogi","description":"","potentialAction":[{"@type":"SearchAction","target":{"@type":"EntryPoint","urlTemplate":"https:\/\/utupluti.com\/pl\/?s={search_term_string}"},"query-input":"required name=search_term_string"}],"inLanguage":"pl-PL"}]}},"_links":{"self":[{"href":"https:\/\/utupluti.com\/pl\/wp-json\/wp\/v2\/pages\/7587"}],"collection":[{"href":"https:\/\/utupluti.com\/pl\/wp-json\/wp\/v2\/pages"}],"about":[{"href":"https:\/\/utupluti.com\/pl\/wp-json\/wp\/v2\/types\/page"}],"author":[{"embeddable":true,"href":"https:\/\/utupluti.com\/pl\/wp-json\/wp\/v2\/users\/1"}],"replies":[{"embeddable":true,"href":"https:\/\/utupluti.com\/pl\/wp-json\/wp\/v2\/comments?post=7587"}],"version-history":[{"count":1,"href":"https:\/\/utupluti.com\/pl\/wp-json\/wp\/v2\/pages\/7587\/revisions"}],"predecessor-version":[{"id":758333,"href":"https:\/\/utupluti.com\/pl\/wp-json\/wp\/v2\/pages\/7587\/revisions\/758333"}],"wp:featuredmedia":[{"embeddable":true,"href":"https:\/\/utupluti.com\/pl\/wp-json\/wp\/v2\/media\/7840"}],"wp:attachment":[{"href":"https:\/\/utupluti.com\/pl\/wp-json\/wp\/v2\/media?parent=7587"}],"curies":[{"name":"wp","href":"https:\/\/api.w.org\/{rel}","templated":true}]}}