{"id":69271,"date":"2022-10-23T09:27:18","date_gmt":"2022-10-23T09:27:18","guid":{"rendered":"https:\/\/utupluti.com\/?page_id=69271"},"modified":"2024-01-29T11:55:52","modified_gmt":"2024-01-29T11:55:52","slug":"dla-szkol-i-nauczycieli-jogi","status":"publish","type":"page","link":"https:\/\/utupluti.com\/pl\/dla-szkol-i-nauczycieli-jogi\/","title":{"rendered":"Dla szk\u00f3\u0142 i nauczycieli jogi"},"content":{"rendered":"<p>[vc_row][vc_column css=&#8221;.vc_custom_1666517512248{margin-bottom: 25px !important;}&#8221;][vc_custom_heading text=&#8221;Warunki wsp\u00f3\u0142pracy ze szko\u0142ami jogi i nauczycielami&#8221; font_container=&#8221;tag:h2|font_size:28|text_align:center&#8221; google_fonts=&#8221;font_family:Roboto%3A100%2C100italic%2C300%2C300italic%2Cregular%2Citalic%2C500%2C500italic%2C700%2C700italic%2C900%2C900italic|font_style:400%20regular%3A400%3Anormal&#8221;][\/vc_column][\/vc_row][vc_row][vc_column width=&#8221;1\/2&#8243; css=&#8221;.vc_custom_1666517233934{padding-top: 25px !important;}&#8221;][vc_column_text]Jeste\u015b nauczycielem jogi i prowadzisz w\u0142asn\u0105 szko\u0142\u0119? By\u0107 mo\u017ce nasza oferta Ci\u0119 zainteresuje. Nasze maty PU PRO ciesz\u0105 si\u0119 ogromn\u0105 popularno\u015bci\u0105 w\u015br\u00f3d do\u015bwiadczonych jogin\u00f3w i instruktor\u00f3w z uwagi na swoje niezawodne parametry takie jak:<\/p>\n<ul>\n<li>bezkompromisowa przyczepno\u015b\u0107,<\/li>\n<li>odpowiednia grubo\u015b\u0107 zapewniaj\u0105ca amortyzacj\u0119 stawom,<\/li>\n<li>konkurencyjna cena na rynku wzgl\u0119dem pozosta\u0142ych marek.<\/li>\n<\/ul>\n<p>Je\u017celi chcecie, \u017ceby Wasi uczniowie praktykowali na matach dobrej jako\u015bci, mo\u017cecie skorzysta\u0107 z naszej propozycji i zam\u00f3wi\u0107 nasze produkty w ni\u017cszej, atrakcyjnej cenie.<\/p>\n<p><strong>Zapraszam do kontaktu:<\/strong><br \/>\n<strong>Grzegorz Koz\u0142owski<\/strong><br \/>\n<strong>tel. 660004843<\/strong><br \/>\n<strong>e-mail: kontakt@utupluti.com<\/strong>[\/vc_column_text][\/vc_column][vc_column width=&#8221;1\/2&#8243;]<div class=\"jas-banner pr oh\"><img width=\"819\" height=\"1024\" src=\"https:\/\/utupluti.com\/wp-content\/uploads\/2022\/10\/IMG_6428-2-819x1024.jpg\" class=\"w__100\" alt=\"\" decoding=\"async\" loading=\"lazy\" srcset=\"https:\/\/utupluti.com\/wp-content\/uploads\/2022\/10\/IMG_6428-2-819x1024.jpg 819w, https:\/\/utupluti.com\/wp-content\/uploads\/2022\/10\/IMG_6428-2-240x300.jpg 240w, https:\/\/utupluti.com\/wp-content\/uploads\/2022\/10\/IMG_6428-2-120x150.jpg 120w, https:\/\/utupluti.com\/wp-content\/uploads\/2022\/10\/IMG_6428-2-768x960.jpg 768w, https:\/\/utupluti.com\/wp-content\/uploads\/2022\/10\/IMG_6428-2-1229x1536.jpg 1229w, https:\/\/utupluti.com\/wp-content\/uploads\/2022\/10\/IMG_6428-2-1638x2048.jpg 1638w, https:\/\/utupluti.com\/wp-content\/uploads\/2022\/10\/IMG_6428-2-470x588.jpg 470w, https:\/\/utupluti.com\/wp-content\/uploads\/2022\/10\/IMG_6428-2-750x938.jpg 750w, https:\/\/utupluti.com\/wp-content\/uploads\/2022\/10\/IMG_6428-2.jpg 2000w\" sizes=\"(max-width: 819px) 100vw, 819px\" \/><\/div>[\/vc_column][\/vc_row]<\/p>\n","protected":false},"excerpt":{"rendered":"<p>[vc_row][vc_column css=&#8221;.vc_custom_1666517512248{margin-bottom: 25px !important;}&#8221;][vc_custom_heading text=&#8221;Warunki wsp\u00f3\u0142pracy ze szko\u0142ami jogi i nauczycielami&#8221; font_container=&#8221;tag:h2|font_size:28|text_align:center&#8221; google_fonts=&#8221;font_family:Roboto%3A100%2C100italic%2C300%2C300italic%2Cregular%2Citalic%2C500%2C500italic%2C700%2C700italic%2C900%2C900italic|font_style:400%20regular%3A400%3Anormal&#8221;][\/vc_column][\/vc_row][vc_row][vc_column width=&#8221;1\/2&#8243; css=&#8221;.vc_custom_1666517233934{padding-top: 25px !important;}&#8221;][vc_column_text]Jeste\u015b nauczycielem jogi i prowadzisz w\u0142asn\u0105 szko\u0142\u0119? By\u0107 mo\u017ce nasza oferta Ci\u0119 zainteresuje. Nasze maty PU PRO ciesz\u0105 si\u0119 ogromn\u0105 popularno\u015bci\u0105 w\u015br\u00f3d do\u015bwiadczonych jogin\u00f3w i instruktor\u00f3w z uwagi na swoje niezawodne parametry takie jak: bezkompromisowa przyczepno\u015b\u0107, odpowiednia grubo\u015b\u0107 zapewniaj\u0105ca [&hellip;]<\/p>\n","protected":false},"author":1,"featured_media":0,"parent":0,"menu_order":0,"comment_status":"closed","ping_status":"closed","template":"","meta":[],"yoast_head":"<!-- This site is optimized with the Yoast SEO plugin v20.4 - https:\/\/yoast.com\/wordpress\/plugins\/seo\/ -->\n<title>Dla szk\u00f3\u0142 i nauczycieli jogi - Sklep internetowy Utupluti<\/title>\n<meta name=\"robots\" content=\"index, follow, max-snippet:-1, max-image-preview:large, max-video-preview:-1\" \/>\n<link rel=\"canonical\" href=\"https:\/\/utupluti.com\/pl\/dla-szkol-i-nauczycieli-jogi\/\" \/>\n<meta property=\"og:locale\" content=\"pl_PL\" \/>\n<meta property=\"og:type\" content=\"article\" \/>\n<meta property=\"og:title\" content=\"Dla szk\u00f3\u0142 i nauczycieli jogi - Sklep internetowy Utupluti\" \/>\n<meta property=\"og:description\" content=\"[vc_row][vc_column css=&#8221;.vc_custom_1666517512248{margin-bottom: 25px !important;}&#8221;][vc_custom_heading text=&#8221;Warunki wsp\u00f3\u0142pracy ze szko\u0142ami jogi i nauczycielami&#8221; font_container=&#8221;tag:h2|font_size:28|text_align:center&#8221; google_fonts=&#8221;font_family:Roboto%3A100%2C100italic%2C300%2C300italic%2Cregular%2Citalic%2C500%2C500italic%2C700%2C700italic%2C900%2C900italic|font_style:400%20regular%3A400%3Anormal&#8221;][\/vc_column][\/vc_row][vc_row][vc_column width=&#8221;1\/2&#8243; css=&#8221;.vc_custom_1666517233934{padding-top: 25px !important;}&#8221;][vc_column_text]Jeste\u015b nauczycielem jogi i prowadzisz w\u0142asn\u0105 szko\u0142\u0119? By\u0107 mo\u017ce nasza oferta Ci\u0119 zainteresuje. Nasze maty PU PRO ciesz\u0105 si\u0119 ogromn\u0105 popularno\u015bci\u0105 w\u015br\u00f3d do\u015bwiadczonych jogin\u00f3w i instruktor\u00f3w z uwagi na swoje niezawodne parametry takie jak: bezkompromisowa przyczepno\u015b\u0107, odpowiednia grubo\u015b\u0107 zapewniaj\u0105ca [&hellip;]\" \/>\n<meta property=\"og:url\" content=\"https:\/\/utupluti.com\/pl\/dla-szkol-i-nauczycieli-jogi\/\" \/>\n<meta property=\"og:site_name\" content=\"Utupluti - Maty do jogi\" \/>\n<meta property=\"article:modified_time\" content=\"2024-01-29T11:55:52+00:00\" \/>\n<meta name=\"twitter:card\" content=\"summary_large_image\" \/>\n<meta name=\"twitter:label1\" content=\"Szacowany czas czytania\" \/>\n\t<meta name=\"twitter:data1\" content=\"1 minuta\" \/>\n<!-- \/ Yoast SEO plugin. -->","yoast_head_json":{"title":"Dla szk\u00f3\u0142 i nauczycieli jogi - Sklep internetowy Utupluti","robots":{"index":"index","follow":"follow","max-snippet":"max-snippet:-1","max-image-preview":"max-image-preview:large","max-video-preview":"max-video-preview:-1"},"canonical":"https:\/\/utupluti.com\/pl\/dla-szkol-i-nauczycieli-jogi\/","og_locale":"pl_PL","og_type":"article","og_title":"Dla szk\u00f3\u0142 i nauczycieli jogi - Sklep internetowy Utupluti","og_description":"[vc_row][vc_column css=&#8221;.vc_custom_1666517512248{margin-bottom: 25px !important;}&#8221;][vc_custom_heading text=&#8221;Warunki wsp\u00f3\u0142pracy ze szko\u0142ami jogi i nauczycielami&#8221; font_container=&#8221;tag:h2|font_size:28|text_align:center&#8221; google_fonts=&#8221;font_family:Roboto%3A100%2C100italic%2C300%2C300italic%2Cregular%2Citalic%2C500%2C500italic%2C700%2C700italic%2C900%2C900italic|font_style:400%20regular%3A400%3Anormal&#8221;][\/vc_column][\/vc_row][vc_row][vc_column width=&#8221;1\/2&#8243; css=&#8221;.vc_custom_1666517233934{padding-top: 25px !important;}&#8221;][vc_column_text]Jeste\u015b nauczycielem jogi i prowadzisz w\u0142asn\u0105 szko\u0142\u0119? By\u0107 mo\u017ce nasza oferta Ci\u0119 zainteresuje. Nasze maty PU PRO ciesz\u0105 si\u0119 ogromn\u0105 popularno\u015bci\u0105 w\u015br\u00f3d do\u015bwiadczonych jogin\u00f3w i instruktor\u00f3w z uwagi na swoje niezawodne parametry takie jak: bezkompromisowa przyczepno\u015b\u0107, odpowiednia grubo\u015b\u0107 zapewniaj\u0105ca [&hellip;]","og_url":"https:\/\/utupluti.com\/pl\/dla-szkol-i-nauczycieli-jogi\/","og_site_name":"Utupluti - Maty do jogi","article_modified_time":"2024-01-29T11:55:52+00:00","twitter_card":"summary_large_image","twitter_misc":{"Szacowany czas czytania":"1 minuta"},"schema":{"@context":"https:\/\/schema.org","@graph":[{"@type":"WebPage","@id":"https:\/\/utupluti.com\/pl\/dla-szkol-i-nauczycieli-jogi\/","url":"https:\/\/utupluti.com\/pl\/dla-szkol-i-nauczycieli-jogi\/","name":"Dla szk\u00f3\u0142 i nauczycieli jogi - Sklep internetowy Utupluti","isPartOf":{"@id":"https:\/\/utupluti.com\/pl\/#website"},"datePublished":"2022-10-23T09:27:18+00:00","dateModified":"2024-01-29T11:55:52+00:00","breadcrumb":{"@id":"https:\/\/utupluti.com\/pl\/dla-szkol-i-nauczycieli-jogi\/#breadcrumb"},"inLanguage":"pl-PL","potentialAction":[{"@type":"ReadAction","target":["https:\/\/utupluti.com\/pl\/dla-szkol-i-nauczycieli-jogi\/"]}]},{"@type":"BreadcrumbList","@id":"https:\/\/utupluti.com\/pl\/dla-szkol-i-nauczycieli-jogi\/#breadcrumb","itemListElement":[{"@type":"ListItem","position":1,"name":"Strona g\u0142\u00f3wna","item":"https:\/\/utupluti.com\/pl\/"},{"@type":"ListItem","position":2,"name":"Dla szk\u00f3\u0142 i nauczycieli jogi"}]},{"@type":"WebSite","@id":"https:\/\/utupluti.com\/pl\/#website","url":"https:\/\/utupluti.com\/pl\/","name":"Utupluti - Maty do jogi","description":"","potentialAction":[{"@type":"SearchAction","target":{"@type":"EntryPoint","urlTemplate":"https:\/\/utupluti.com\/pl\/?s={search_term_string}"},"query-input":"required name=search_term_string"}],"inLanguage":"pl-PL"}]}},"_links":{"self":[{"href":"https:\/\/utupluti.com\/pl\/wp-json\/wp\/v2\/pages\/69271"}],"collection":[{"href":"https:\/\/utupluti.com\/pl\/wp-json\/wp\/v2\/pages"}],"about":[{"href":"https:\/\/utupluti.com\/pl\/wp-json\/wp\/v2\/types\/page"}],"author":[{"embeddable":true,"href":"https:\/\/utupluti.com\/pl\/wp-json\/wp\/v2\/users\/1"}],"replies":[{"embeddable":true,"href":"https:\/\/utupluti.com\/pl\/wp-json\/wp\/v2\/comments?post=69271"}],"version-history":[{"count":10,"href":"https:\/\/utupluti.com\/pl\/wp-json\/wp\/v2\/pages\/69271\/revisions"}],"predecessor-version":[{"id":758353,"href":"https:\/\/utupluti.com\/pl\/wp-json\/wp\/v2\/pages\/69271\/revisions\/758353"}],"wp:attachment":[{"href":"https:\/\/utupluti.com\/pl\/wp-json\/wp\/v2\/media?parent=69271"}],"curies":[{"name":"wp","href":"https:\/\/api.w.org\/{rel}","templated":true}]}}