{"id":5977,"date":"2020-02-02T11:37:12","date_gmt":"2020-02-02T11:37:12","guid":{"rendered":"https:\/\/utupluti.pl\/?page_id=5977"},"modified":"2023-01-02T10:32:33","modified_gmt":"2023-01-02T10:32:33","slug":"polityka-prywatnosci","status":"publish","type":"page","link":"https:\/\/utupluti.com\/pl\/polityka-prywatnosci\/","title":{"rendered":"Polityka prywatno\u015bci"},"content":{"rendered":"<p><strong>POLITYKA PRYWATNO\u015aCI I COOKIES<\/strong><\/p>\n<p><strong>SKLEPU INTERNETOWEGO <\/strong><\/p>\n<p><strong>UTUPLUTI<\/strong><\/p>\n<p><a href=\"https:\/\/utupluti.com\/\"><strong>https:\/\/utupluti.com\/<\/strong><\/a><\/p>\n<p><strong>\u00a0<\/strong><\/p>\n<ol>\n<li><strong>Informacje og\u00f3lne<\/strong><\/li>\n<\/ol>\n<p>Niniejszy dokument okre\u015bla zasady prywatno\u015bci w Sklepie internetowym <a href=\"https:\/\/utupluti.com\/\">https:\/\/utupluti.com\/<\/a> \u00a0(dalej jako \u201eSklep Internetowy\u201d). Administratorem danych w Sklepie Internetowym jest Grzegorz Koz\u0142owski, Gr\u0105dzkie 3a, 11-510 Wydminy, NIP: 9730795399, TEL: +48 660 004 843, kontakt@utupluti.com.<\/p>\n<p>&nbsp;<\/p>\n<ol>\n<li><strong>Dane osobowe<\/strong><\/li>\n<\/ol>\n<p>&nbsp;<\/p>\n<ol>\n<li>Dane osobowe zbierane przez Administratora s\u0105 przetwarzane na podstawie Rozporz\u0105dzenia Parlamentu Europejskiego i Rady (UE) 2016\/679 z dnia 27 kwietnia 2016 roku w sprawie ochrony os\u00f3b fizycznych w zwi\u0105zku z przetwarzaniem danych osobowych i w sprawie swobodnego przep\u0142ywu takich danych oraz uchylenia dyrektywy 95\/46\/WE (dalej RODO), aktualnej ustawy o ochronie danych osobowych oraz ustawy z dnia 18 lipca 2002 r. o \u015bwiadczeniu us\u0142ug drog\u0105 elektroniczn\u0105 (Dz.U. 2002 nr 144 poz. 1204 z p\u00f3\u017an. zm.).<\/li>\n<li>Administrator zbiera informacje podane dobrowolnie, przez Klient\u00f3w Sklepu Internetowego. Jednak\u017ce podanie oznaczonych danych osobowych jest warunkiem z\u0142o\u017cenia zam\u00f3wienia, natomiast konsekwencj\u0105 ich niepodania b\u0119dzie brak mo\u017cliwo\u015bci zam\u00f3wienia produkt\u00f3w w sklepie. Sklep b\u0119dzie zbiera\u0142 m.in. nast\u0119puj\u0105ce dane klient\u00f3w: nazwisko, imi\u0119, adres poczty elektronicznej, numer telefonu, adres zamieszkania do dostawy towar\u00f3w.<\/li>\n<li>Ponadto Administrator mo\u017ce zapisa\u0107 informacje o parametrach po\u0142\u0105czenia jak adresy IP w celach technicznych, zwi\u0105zanych z administracj\u0105 serwerami oraz do zbierania og\u00f3lnych, statystycznych informacji demograficznych (np. o regionie, z kt\u00f3rego nast\u0119puje po\u0142\u0105czenie), jak r\u00f3wnie\u017c w celach bezpiecze\u0144stwa.<\/li>\n<li>Administrator dok\u0142ada szczeg\u00f3lnych stara\u0144 w celu ochrony prywatno\u015bci i informacji mu przekazanych, a dotycz\u0105cych Klient\u00f3w Sklepu Internetowego. Administrator z nale\u017cyt\u0105 staranno\u015bci\u0105 dobiera i stosuje odpowiednie \u015brodki techniczne, w tym o charakterze programistycznym i organizacyjnym, zapewniaj\u0105ce ochron\u0119 przetwarzanych danych, w szczeg\u00f3lno\u015bci zabezpiecza dane przed ich udost\u0119pnieniem osobom nieupowa\u017cnionym, ujawnieniem, utraceniem i zniszczeniem, nieuprawnion\u0105 modyfikacj\u0105, jak r\u00f3wnie\u017c przed ich przetwarzaniem z naruszeniem obowi\u0105zuj\u0105cych przepis\u00f3w prawa.<\/li>\n<li>Dane osobowe b\u0119d\u0105 przetwarzane zgodnie z zasadami z art. 5 (RODO).<\/li>\n<\/ol>\n<p>Dane osobowe b\u0119d\u0105:<\/p>\n<ol>\n<li>przetwarzane zgodnie z prawem, rzetelnie i w spos\u00f3b przejrzysty dla osoby, kt\u00f3rej dane dotycz\u0105 (\u201ezgodno\u015b\u0107 z prawem, rzetelno\u015b\u0107 i przejrzysto\u015b\u0107\u201d);<\/li>\n<li>zbierane w konkretnych, wyra\u017anych i prawnie uzasadnionych celach i nieprzetwarzane dalej w spos\u00f3b niezgodny z tymi celami; dalsze przetwarzanie do cel\u00f3w archiwalnych w interesie publicznym, do cel\u00f3w bada\u0144 naukowych lub historycznych lub do cel\u00f3w statystycznych nie jest uznawane w my\u015bl art. 89 ust. 1 RODO za niezgodne z pierwotnymi celami (\u201eograniczenie celu\u201d);<\/li>\n<li>adekwatne, stosowne oraz ograniczone do tego, co niezb\u0119dne do cel\u00f3w, w kt\u00f3rych s\u0105 przetwarzane (\u201eminimalizacja danych\u201d);<\/li>\n<li>prawid\u0142owe i w razie potrzeby uaktualniane (\u201eprawid\u0142owo\u015b\u0107\u201d);<\/li>\n<li>przechowywane w formie umo\u017cliwiaj\u0105cej identyfikacj\u0119 osoby, kt\u00f3rej dane dotycz\u0105, przez okres nie d\u0142u\u017cszy, ni\u017c jest to niezb\u0119dne do cel\u00f3w, w kt\u00f3rych dane te s\u0105 przetwarzane; dane osobowe mo\u017cna przechowywa\u0107 przez okres d\u0142u\u017cszy, o ile b\u0119d\u0105 one przetwarzane wy\u0142\u0105cznie do cel\u00f3w archiwalnych w interesie publicznym, do cel\u00f3w bada\u0144 naukowych lub historycznych lub do cel\u00f3w statystycznych na mocy art. 89 ust. 1 RODO, z zastrze\u017ceniem \u017ce wdro\u017cone zostan\u0105 odpowiednie \u015brodki techniczne i organizacyjne wymagane na mocy niniejszego rozporz\u0105dzenia w celu ochrony praw i wolno\u015bci os\u00f3b, kt\u00f3rych dane dotycz\u0105 (\u201eograniczenie przechowywania\u201d);<\/li>\n<li>przetwarzane w spos\u00f3b zapewniaj\u0105cy odpowiednie bezpiecze\u0144stwo danych osobowych, w tym ochron\u0119 przed niedozwolonym lub niezgodnym z prawem przetwarzaniem oraz przypadkow\u0105 utrat\u0105, zniszczeniem lub uszkodzeniem, za pomoc\u0105 odpowiednich \u015brodk\u00f3w technicznych lub organizacyjnych (\u201eintegralno\u015b\u0107 i poufno\u015b\u0107\u201d).<\/li>\n<li>W ramach korzystania przez Administratora z narz\u0119dzi wspieraj\u0105cych jego bie\u017c\u0105c\u0105 dzia\u0142alno\u015b\u0107 udost\u0119pnianych np. przez firm\u0119 Google, Dane Osobowe Klienta mog\u0105 by\u0107 przekazywane do pa\u0144stwa spoza Europejskiego Obszaru Gospodarczego, w szczeg\u00f3lno\u015bci do Stan\u00f3w Zjednoczonych Ameryki (USA) lub innego pa\u0144stwa, w kt\u00f3rym podmiot z ni\u0105 wsp\u00f3\u0142pracuj\u0105cy utrzymuje narz\u0119dzia s\u0142u\u017c\u0105ce do przetwarzania Danych Osobowych przy wsp\u00f3\u0142pracy z Administratorem.<\/li>\n<\/ol>\n<p>&nbsp;<\/p>\n<ul>\n<li><strong>Podstawy prawne<\/strong><\/li>\n<\/ul>\n<p><strong>\u00a0<\/strong><\/p>\n<ol>\n<li>Podstaw\u0105 przetwarzania danych osobowych Klienta jest przede wszystkim konieczno\u015b\u0107 wykonania umowy, kt\u00f3rej jest stron\u0105 lub konieczno\u015b\u0107 podj\u0119cia na jego \u017c\u0105danie dzia\u0142a\u0144 przed jej zawarciem (art. 6 ust. 1 lit. b) RODO).<\/li>\n<li>Po wyra\u017ceniu odr\u0119bnej zgody, na podstawie art. 6 ust. 1 lit. a) RODO dane mog\u0105 by\u0107 przetwarzane r\u00f3wnie\u017c w celu przesy\u0142ania informacji handlowych drog\u0105 elektroniczn\u0105 lub wykonywania telefonicznych po\u0142\u0105cze\u0144 w celu marketingu bezpo\u015bredniego.<\/li>\n<li>W pozosta\u0142ych celach dane osobowe Klienta mog\u0105 by\u0107 przetwarzane na podstawie:<\/li>\n<li>obowi\u0105zuj\u0105cych przepis\u00f3w prawa \u2013 gdy przetwarzanie jest niezb\u0119dne do wype\u0142nienia obowi\u0105zku prawnego ci\u0105\u017c\u0105cego na Administratorze, np. gdy na bazie przepis\u00f3w podatkowych lub rachunkowych Administrator rozlicza zawarte umowy sprzeda\u017cy (art. 6 ust. 1 lit. c) RODO);<\/li>\n<li>niezb\u0119dno\u015bci do innych ni\u017c wymienione powy\u017cej cel\u00f3w wynikaj\u0105cych z prawnie uzasadnionych interes\u00f3w realizowanych przez Administratora lub przez stron\u0119 trzeci\u0105, w szczeg\u00f3lno\u015bci do ustalenia, dochodzenia lub obrony roszcze\u0144, prowadzenia korespondencji z Klientami, tak\u017ce za po\u015brednictwem formularzy kontaktowych (w tym udzielania odpowiedzi na wiadomo\u015bci Klient\u00f3w), analiz rynkowych oraz statystycznych (art. 6 ust. 1 lit. f) RODO).<\/li>\n<li>Dane osobowe przetwarzane w celach zwi\u0105zanych z realizacj\u0105 zakup\u00f3w b\u0119d\u0105 przetwarzane przez okres niezb\u0119dny do realizacji zakup\u00f3w i zam\u00f3wienia, po czym dane podlegaj\u0105ce archiwizacji b\u0119d\u0105 przechowywane przez okres w\u0142a\u015bciwy dla przedawnienia roszcze\u0144. Dane osobowe przetwarzane w celach marketingowych obj\u0119tych o\u015bwiadczeniem zgody b\u0119d\u0105 przetwarzane do czasu odwo\u0142ania zgody.<\/li>\n<\/ol>\n<p>&nbsp;<\/p>\n<ol>\n<li><strong>Dane osobowe, kt\u00f3re gromadzimy i wykorzystujemy<\/strong><\/li>\n<\/ol>\n<p>&nbsp;<\/p>\n<ol>\n<li>Zapewniamy, \u017ce gromadzenie i wykorzystywanie Twoich danych osobowych jest zgodne z prawem. W zwi\u0105zku z tym do cel\u00f3w wymienionych poni\u017cej wykorzystujemy Twoje dane osobowe tylko wtedy, gdy spe\u0142niony jest jeden z nast\u0119puj\u0105cych warunk\u00f3w:<\/li>\n<li>Wyrazi\u0142e\u015b na to zgod\u0119;<\/li>\n<li>Potrzebujemy Twoich danych osobowych do wykonania umowy, kt\u00f3r\u0105 z nami zawierasz, na przyk\u0142ad przy zakupie produktu za po\u015brednictwem strony internetowej;<\/li>\n<li>Musimy przestrzega\u0107 zobowi\u0105za\u0144 prawnych;<\/li>\n<li>Musimy chroni\u0107 Twoje \u017cywotne interesy;<\/li>\n<li>Twoje dane s\u0105 niezb\u0119dne do interesu publicznego lub<\/li>\n<li>Mamy uzasadniony interes w przetwarzaniu danych osobowych.<\/li>\n<li>Administrator mo\u017ce przetwarza\u0107 nast\u0119puj\u0105ce dane osobowe Klient\u00f3w niezb\u0119dne do nawi\u0105zania, ukszta\u0142towania tre\u015bci, zmiany lub rozwi\u0105zania stosunku prawnego dotycz\u0105cego us\u0142ug \u015bwiadczonych drog\u0105 elektroniczn\u0105 m. in.:<\/li>\n<li>a) nazwisko i imiona Klienta;<\/li>\n<li>b) adres miejsca zamieszkania klienta;<\/li>\n<li>c) adres do korespondencji, je\u017celi jest inny ni\u017c adres, o kt\u00f3rym mowa w pkt c;<\/li>\n<li>d) adresy elektroniczne Klienta;<\/li>\n<li>e) adres IP;<\/li>\n<li>f) informacje o przegl\u0105darce internetowej, urz\u0105dzeniu na jakim jest przegl\u0105dany sklep internetowy;<\/li>\n<\/ol>\n<p>&nbsp;<\/p>\n<p>&nbsp;<\/p>\n<ol>\n<li><strong>Odbiorcy danych osobowych<\/strong><\/li>\n<\/ol>\n<p>&nbsp;<\/p>\n<ol>\n<li>Odbiorcami danych Kupuj\u0105cego mog\u0105 by\u0107 podmioty realizuj\u0105ce na zlecenie Sprzedaj\u0105cego zam\u00f3wienie i zajmuj\u0105ce si\u0119 jego obs\u0142ug\u0105: firmy wysy\u0142kowe, firmy ksi\u0119gowe, dostawcy towar\u00f3w, dostawcy rozwi\u0105za\u0144 informatycznych, firmy obs\u0142uguj\u0105ce p\u0142atno\u015bci, banki, firmy \u015bwiadcz\u0105ce us\u0142ugi marketingowe, dostawcy us\u0142ug magazynowych, dostawcy us\u0142ug telekomunikacyjnych, kancelarie prawne , uprawnione organy pa\u0144stwowe.<\/li>\n<\/ol>\n<p>&nbsp;<\/p>\n<ol>\n<li><strong>Twoje prawa w ochronie danych osobowych<\/strong><\/li>\n<\/ol>\n<p><strong>\u00a0<\/strong><\/p>\n<ol>\n<li>Z uwagi na dobrowolny charakter podania swoich danych osobowych, masz prawo<\/li>\n<li>dost\u0119pu do swoich danych osobowych (art. 15 RODO);<\/li>\n<li>sprostowania swoich danych osobowych (art. 16 RODO);<\/li>\n<li>usuni\u0119cia swoich danych osobowych (\u201eprawo do bycia zapomnianym\u201d \u2013 art. 17 RODO);<\/li>\n<li>ograniczenia przetwarzania swoich danych osobowych (art. 18 RODO);<\/li>\n<li>przenoszenia swoich danych osobowych (art. 20 RODO);<\/li>\n<li>do sprzeciwu -art. 21 RODO);<\/li>\n<\/ol>\n<p>&nbsp;<\/p>\n<ol start=\"2\">\n<li>W przypadku stwierdzenia, \u017ce przetwarzanie danych osobowych narusza przepisy RODO, masz prawo wnie\u015b\u0107 skarg\u0119 do Prezesa Urz\u0119du Ochrony Danych Osobowych.<\/li>\n<li>W ka\u017cdym czasie zgoda na przetwarzanie danych osobowych mo\u017ce by\u0107 cofni\u0119ta. Cofni\u0119cie zgody na przetwarzanie danych nie ma wp\u0142ywu na zgodno\u015b\u0107 z prawem przetwarzania danych dokonanych przez Administratora na podstawie zgody przed jej cofni\u0119ciem.<\/li>\n<\/ol>\n<p>&nbsp;<\/p>\n<p>&nbsp;<\/p>\n<p>&nbsp;<\/p>\n<p>&nbsp;<\/p>\n<ul>\n<li><strong>Naruszenie ochrony danych osobowych<\/strong><\/li>\n<\/ul>\n<p><strong>\u00a0<\/strong><\/p>\n<ol>\n<li>W przypadku naruszenia ochrony danych osobowych, Administrator bez zb\u0119dnej zw\u0142oki, nie p\u00f3\u017aniej ni\u017c w terminie 72 godzin po stwierdzeniu naruszenia \u2013 zg\u0142asza je organowi nadzorczemu \u2013 (Prezesowi Urz\u0119du Ochrony Danych Osobowych), chyba \u017ce jest ma\u0142o prawdopodobne, by naruszenie to skutkowa\u0142o ryzykiem naruszenia praw lub wolno\u015bci os\u00f3b fizycznych. Do zg\u0142oszenia przekazanego organowi nadzorczemu po up\u0142ywie 72 godzin, Administrator do\u0142\u0105cza wyja\u015bnienie przyczyn op\u00f3\u017anienia. Je\u017celi naruszenie ochrony danych osobowych mo\u017ce powodowa\u0107 wysokie ryzyko naruszenia praw lub wolno\u015bci os\u00f3b fizycznych, Administrator bez zb\u0119dnej zw\u0142oki zawiadamia osob\u0119, kt\u00f3rej dane dotycz\u0105, o takim naruszeniu.<\/li>\n<\/ol>\n<p>&nbsp;<\/p>\n<p>&nbsp;<\/p>\n<p><strong>POLITYKA COOKIES<\/strong><\/p>\n<p>&nbsp;<\/p>\n<ol>\n<li>Sprzedawca u\u017cywa plik\u00f3w cookies.<\/li>\n<li>Pliki Cookie to dane informatyczne, w szczeg\u00f3lno\u015bci pliki tekstowe, przechowywane w urz\u0105dzeniach U\u017cytkownik\u00f3w i przeznaczone do korzystania ze stron internetowych.<\/li>\n<li>Stosowane przez Administratora pliki \u201ecookies\u201d s\u0105 bezpieczne dla urz\u0105dze\u0144 U\u017cytkownika. W szczeg\u00f3lno\u015bci t\u0105 drog\u0105 nie jest mo\u017cliwe przedostanie si\u0119 do urz\u0105dze\u0144 U\u017cytkownik\u00f3w wirus\u00f3w lub innego niechcianego oprogramowania lub oprogramowania z\u0142o\u015bliwego. Pliki te pozwalaj\u0105 zidentyfikowa\u0107 oprogramowanie wykorzystywane przez U\u017cytkownika i dostosowa\u0107 Us\u0142ugi indywidualnie ka\u017cdemu U\u017cytkownika. Pliki \u201ecookies\u201d zazwyczaj zawieraj\u0105 nazw\u0119 domeny, z kt\u00f3rej pochodz\u0105, czas przechowywania ich na urz\u0105dzeniu oraz przypisan\u0105 warto\u015b\u0107.<\/li>\n<li>Z uwagi na cel gromadzenia wyr\u00f3\u017cniamy nast\u0119puj\u0105ce Pliki cookies :<\/li>\n<li>niezb\u0119dne: konieczne do prawid\u0142owego funkcjonowania serwisu \u2013 pliki przetwarzane w oparciu o usprawiedliwiony interes administratora (art.6 ust. 1 lit. f RODO);<\/li>\n<li>statystyczne: pozwalaj\u0105 one bada\u0107 ruch na stronie internetowej, poznawa\u0107 preferencje naszych u\u017cytkownik\u00f3w, analizowa\u0107 ich zachowanie w serwisie oraz umo\u017cliwiaj\u0105 interakcje z zewn\u0119trznymi sieciami i platformami \u2013 pliki przetwarzane w oparciu o dobrowoln\u0105 zgod\u0119 u\u017cytkownika (art. 6 ust. 1 lit. a RODO);<\/li>\n<li>marketingowego: pozwalaj\u0105 na dostosowanie wy\u015bwietlanych reklam i tre\u015bci do preferencji naszych u\u017cytkownik\u00f3w oraz prowadzi\u0107 spersonalizowane kampanie marketingowego \u2013 pliki przetwarzane w oparciu o dobrowoln\u0105 zgod\u0119 u\u017cytkownika (art. 6 ust. 1 lit. a RODO).<\/li>\n<li>Pliki \u201ecookies\u201d mog\u0105 by\u0107 wykorzystane przez sieci reklamowe, w szczeg\u00f3lno\u015bci sie\u0107 Google, do wy\u015bwietlenia reklam dopasowanych do sposobu, w jaki U\u017cytkownik korzysta z Serwisu Internetowego. W tym celu mog\u0105 zosta\u0107 zachowane informacje o \u015bcie\u017cce nawigacji U\u017cytkownika lub czasie pozostawania na danej stronie.<\/li>\n<li>W zakresie informacji o preferencjach U\u017cytkownika gromadzonych przez sie\u0107 reklamow\u0105 Google U\u017cytkownik mo\u017ce przegl\u0105da\u0107 i edytowa\u0107 informacje wynikaj\u0105ce z plik\u00f3w \u201ecookies\u201d przy pomocy narz\u0119dzia: <a href=\"https:\/\/www.google.com\/ads\/preferences\/\">https:\/\/www.google.com\/ads\/preferences\/<\/a>.<\/li>\n<li>U\u017cytkownik mo\u017ce samodzielnie i w ka\u017cdym czasie zmieni\u0107 ustawienia dotycz\u0105ce plik\u00f3w \u201ecookies\u201d, okre\u015blaj\u0105c warunki ich przechowywania i uzyskiwania dost\u0119pu przez pliki \u201ecookies\u201d do urz\u0105dzenia U\u017cytkownika. Zmiany ustawie\u0144, o kt\u00f3rych mowa w zdaniu poprzednim, U\u017cytkownik mo\u017ce dokona\u0107 za pomoc\u0105 ustawie\u0144 przegl\u0105darki internetowej lub za pomoc\u0105 konfiguracji us\u0142ugi. Ustawienia te mog\u0105 zosta\u0107 zmienione w szczeg\u00f3lno\u015bci w taki spos\u00f3b, aby blokowa\u0107 automatyczn\u0105 obs\u0142ug\u0119 plik\u00f3w \u201ecookies\u201d w ustawieniach przegl\u0105darki internetowej b\u0105d\u017a informowa\u0107 o ich ka\u017cdorazowym zamieszczeniu na urz\u0105dzeniu U\u017cytkownika. Szczeg\u00f3\u0142owe informacje o mo\u017cliwo\u015bci i sposobach obs\u0142ugi plik\u00f3w \u201ecookies\u201d dost\u0119pne s\u0105 w ustawieniach oprogramowania (przegl\u0105darki internetowej).<\/li>\n<li>Aby dowiedzie\u0107 si\u0119, jak zarz\u0105dza\u0107 plikami cookies, w tym jak wy\u0142\u0105czy\u0107 ich obs\u0142ug\u0119 w Twojej przegl\u0105darce, mo\u017cesz skorzysta\u0107 z pliku pomocy Twojej przegl\u0105darki. Z informacjami na ten temat mo\u017cesz zapozna\u0107 si\u0119 wciskaj\u0105c klawisz F1 w przegl\u0105darce. Ponadto odpowiednie wskaz\u00f3wki znajdziesz na nast\u0119puj\u0105cych podstronach, w zale\u017cno\u015bci od przegl\u0105darki, kt\u00f3rej u\u017cywasz:<\/li>\n<\/ol>\n<p>Firefox<\/p>\n<p>Chrome<\/p>\n<p>Safari<\/p>\n<p>Internet Explorer \/ Microsoft Edge<\/p>\n<ol start=\"9\">\n<li>Ograniczenie stosowania plik\u00f3w \u201ecookies\u201d, mo\u017ce wp\u0142yn\u0105\u0107 na niekt\u00f3re funkcjonalno\u015bci dost\u0119pne na stronie internetowej serwisu.<\/li>\n<li>Serwis zbiera r\u00f3wnie\u017c Pliki Cookies zewn\u0119trzne, tzw. third part cookie, kt\u00f3re pochodz\u0105 z serwer\u00f3w zewn\u0119trznych.<\/li>\n<li>Korzystamy z us\u0142ug:<\/li>\n<li>Google Analytics, dostarczanych przez Google Inc. (1600 Amphitheatre Parkway, Mountain View, CA 94043, USA)<\/li>\n<li>Google Ads dostarczanych przez Google Ireland Ltd. | Gordon House, Barrow Street, Dublin 4, Ireland w celu optymalizacji wy\u015bwietlania reklam, remarketingu oraz popularyzacji Serwisu.<\/li>\n<\/ol>\n<p><strong>Administrator zastrzega sobie prawo do zmiany niniejszej Polityki prywatno\u015bci z cookies. <\/strong><\/p>\n","protected":false},"excerpt":{"rendered":"<p>POLITYKA PRYWATNO\u015aCI I COOKIES SKLEPU INTERNETOWEGO UTUPLUTI https:\/\/utupluti.com\/ \u00a0 Informacje og\u00f3lne Niniejszy dokument okre\u015bla zasady prywatno\u015bci w Sklepie internetowym https:\/\/utupluti.com\/ \u00a0(dalej jako \u201eSklep Internetowy\u201d). Administratorem danych w Sklepie Internetowym jest Grzegorz Koz\u0142owski, Gr\u0105dzkie 3a, 11-510 Wydminy, NIP: 9730795399, TEL: +48 660 004 843, kontakt@utupluti.com. &nbsp; Dane osobowe &nbsp; Dane osobowe zbierane przez Administratora s\u0105 przetwarzane [&hellip;]<\/p>\n","protected":false},"author":1,"featured_media":0,"parent":0,"menu_order":0,"comment_status":"closed","ping_status":"closed","template":"","meta":[],"yoast_head":"<!-- This site is optimized with the Yoast SEO plugin v20.4 - https:\/\/yoast.com\/wordpress\/plugins\/seo\/ -->\n<title>Polityka prywatno\u015bci - Sklep internetowy Utupluti<\/title>\n<meta name=\"robots\" content=\"noindex, follow\" \/>\n<meta property=\"og:locale\" content=\"pl_PL\" \/>\n<meta property=\"og:type\" content=\"article\" \/>\n<meta property=\"og:title\" content=\"Polityka prywatno\u015bci - Sklep internetowy Utupluti\" \/>\n<meta property=\"og:description\" content=\"POLITYKA PRYWATNO\u015aCI I COOKIES SKLEPU INTERNETOWEGO UTUPLUTI https:\/\/utupluti.com\/ \u00a0 Informacje og\u00f3lne Niniejszy dokument okre\u015bla zasady prywatno\u015bci w Sklepie internetowym https:\/\/utupluti.com\/ \u00a0(dalej jako \u201eSklep Internetowy\u201d). Administratorem danych w Sklepie Internetowym jest Grzegorz Koz\u0142owski, Gr\u0105dzkie 3a, 11-510 Wydminy, NIP: 9730795399, TEL: +48 660 004 843, kontakt@utupluti.com. &nbsp; Dane osobowe &nbsp; Dane osobowe zbierane przez Administratora s\u0105 przetwarzane [&hellip;]\" \/>\n<meta property=\"og:url\" content=\"https:\/\/utupluti.com\/pl\/polityka-prywatnosci\/\" \/>\n<meta property=\"og:site_name\" content=\"Utupluti - Maty do jogi\" \/>\n<meta property=\"article:modified_time\" content=\"2023-01-02T10:32:33+00:00\" \/>\n<meta name=\"twitter:card\" content=\"summary_large_image\" \/>\n<meta name=\"twitter:label1\" content=\"Szacowany czas czytania\" \/>\n\t<meta name=\"twitter:data1\" content=\"10 minut\" \/>\n<!-- \/ Yoast SEO plugin. -->","yoast_head_json":{"title":"Polityka prywatno\u015bci - Sklep internetowy Utupluti","robots":{"index":"noindex","follow":"follow"},"og_locale":"pl_PL","og_type":"article","og_title":"Polityka prywatno\u015bci - Sklep internetowy Utupluti","og_description":"POLITYKA PRYWATNO\u015aCI I COOKIES SKLEPU INTERNETOWEGO UTUPLUTI https:\/\/utupluti.com\/ \u00a0 Informacje og\u00f3lne Niniejszy dokument okre\u015bla zasady prywatno\u015bci w Sklepie internetowym https:\/\/utupluti.com\/ \u00a0(dalej jako \u201eSklep Internetowy\u201d). Administratorem danych w Sklepie Internetowym jest Grzegorz Koz\u0142owski, Gr\u0105dzkie 3a, 11-510 Wydminy, NIP: 9730795399, TEL: +48 660 004 843, kontakt@utupluti.com. &nbsp; Dane osobowe &nbsp; Dane osobowe zbierane przez Administratora s\u0105 przetwarzane [&hellip;]","og_url":"https:\/\/utupluti.com\/pl\/polityka-prywatnosci\/","og_site_name":"Utupluti - Maty do jogi","article_modified_time":"2023-01-02T10:32:33+00:00","twitter_card":"summary_large_image","twitter_misc":{"Szacowany czas czytania":"10 minut"},"schema":{"@context":"https:\/\/schema.org","@graph":[{"@type":"WebPage","@id":"https:\/\/utupluti.com\/pl\/polityka-prywatnosci\/","url":"https:\/\/utupluti.com\/pl\/polityka-prywatnosci\/","name":"Polityka prywatno\u015bci - Sklep internetowy Utupluti","isPartOf":{"@id":"https:\/\/utupluti.com\/pl\/#website"},"datePublished":"2020-02-02T11:37:12+00:00","dateModified":"2023-01-02T10:32:33+00:00","breadcrumb":{"@id":"https:\/\/utupluti.com\/pl\/polityka-prywatnosci\/#breadcrumb"},"inLanguage":"pl-PL","potentialAction":[{"@type":"ReadAction","target":["https:\/\/utupluti.com\/pl\/polityka-prywatnosci\/"]}]},{"@type":"BreadcrumbList","@id":"https:\/\/utupluti.com\/pl\/polityka-prywatnosci\/#breadcrumb","itemListElement":[{"@type":"ListItem","position":1,"name":"Strona g\u0142\u00f3wna","item":"https:\/\/utupluti.com\/pl\/"},{"@type":"ListItem","position":2,"name":"Polityka prywatno\u015bci"}]},{"@type":"WebSite","@id":"https:\/\/utupluti.com\/pl\/#website","url":"https:\/\/utupluti.com\/pl\/","name":"Utupluti - Maty do jogi","description":"","potentialAction":[{"@type":"SearchAction","target":{"@type":"EntryPoint","urlTemplate":"https:\/\/utupluti.com\/pl\/?s={search_term_string}"},"query-input":"required name=search_term_string"}],"inLanguage":"pl-PL"}]}},"_links":{"self":[{"href":"https:\/\/utupluti.com\/pl\/wp-json\/wp\/v2\/pages\/5977"}],"collection":[{"href":"https:\/\/utupluti.com\/pl\/wp-json\/wp\/v2\/pages"}],"about":[{"href":"https:\/\/utupluti.com\/pl\/wp-json\/wp\/v2\/types\/page"}],"author":[{"embeddable":true,"href":"https:\/\/utupluti.com\/pl\/wp-json\/wp\/v2\/users\/1"}],"replies":[{"embeddable":true,"href":"https:\/\/utupluti.com\/pl\/wp-json\/wp\/v2\/comments?post=5977"}],"version-history":[{"count":3,"href":"https:\/\/utupluti.com\/pl\/wp-json\/wp\/v2\/pages\/5977\/revisions"}],"predecessor-version":[{"id":495224,"href":"https:\/\/utupluti.com\/pl\/wp-json\/wp\/v2\/pages\/5977\/revisions\/495224"}],"wp:attachment":[{"href":"https:\/\/utupluti.com\/pl\/wp-json\/wp\/v2\/media?parent=5977"}],"curies":[{"name":"wp","href":"https:\/\/api.w.org\/{rel}","templated":true}]}}